{"id":4896,"date":"2025-10-14T16:56:22","date_gmt":"2025-10-14T14:56:22","guid":{"rendered":"https:\/\/www.agxeed.com\/loesungen\/agbots\/"},"modified":"2026-03-20T14:38:19","modified_gmt":"2026-03-20T13:38:19","slug":"agbots","status":"publish","type":"page","link":"https:\/\/www.agxeed.com\/de\/loesungen\/agbots\/","title":{"rendered":"AgBots"},"content":{"rendered":"\t\t<div data-elementor-type=\"wp-page\" data-elementor-id=\"4896\" class=\"elementor elementor-4896 elementor-1001\" data-elementor-post-type=\"page\">\n\t\t\t\t<div class=\"elementor-element elementor-element-6c068f3 e-flex e-con-boxed e-con e-parent\" data-id=\"6c068f3\" data-element_type=\"container\" data-e-type=\"container\" data-settings=\"{&quot;background_background&quot;:&quot;classic&quot;}\">\n\t\t\t\t\t<div class=\"e-con-inner\">\n\t\t<div class=\"elementor-element elementor-element-59fcb07 e-con-full e-flex e-con e-child\" data-id=\"59fcb07\" data-element_type=\"container\" data-e-type=\"container\">\n\t\t\t\t<div class=\"elementor-element elementor-element-17e4464 elementor-widget elementor-widget-heading\" data-id=\"17e4464\" data-element_type=\"widget\" data-e-type=\"widget\" data-widget_type=\"heading.default\">\n\t\t\t\t<div class=\"elementor-widget-container\">\n\t\t\t\t\t<h1 class=\"elementor-heading-title elementor-size-default\">Agbots<\/h1>\t\t\t\t<\/div>\n\t\t\t\t<\/div>\n\t\t\t\t<div class=\"elementor-element elementor-element-30d4c8f elementor-widget elementor-widget-heading\" data-id=\"30d4c8f\" data-element_type=\"widget\" data-e-type=\"widget\" data-widget_type=\"heading.default\">\n\t\t\t\t<div class=\"elementor-widget-container\">\n\t\t\t\t\t<h2 class=\"elementor-heading-title elementor-size-default\">Unsere Helden<\/h2>\t\t\t\t<\/div>\n\t\t\t\t<\/div>\n\t\t\t\t<\/div>\n\t\t<div class=\"elementor-element elementor-element-564ffb1 e-con-full e-flex e-con e-child\" data-id=\"564ffb1\" data-element_type=\"container\" data-e-type=\"container\">\n\t\t\t\t<div class=\"elementor-element elementor-element-e846f42 elementor-absolute elementor-widget elementor-widget-image\" data-id=\"e846f42\" data-element_type=\"widget\" data-e-type=\"widget\" data-settings=\"{&quot;_position&quot;:&quot;absolute&quot;}\" data-widget_type=\"image.default\">\n\t\t\t\t<div class=\"elementor-widget-container\">\n\t\t\t\t\t\t\t\t\t\t\t\t\t\t\t<img fetchpriority=\"high\" decoding=\"async\" width=\"635\" height=\"302\" src=\"https:\/\/www.agxeed.com\/wp-content\/uploads\/2025\/10\/lijn-pijl-agxeed-up.webp\" class=\"attachment-large size-large wp-image-4809\" alt=\"\" srcset=\"https:\/\/www.agxeed.com\/wp-content\/uploads\/2025\/10\/lijn-pijl-agxeed-up.webp 635w, https:\/\/www.agxeed.com\/wp-content\/uploads\/2025\/10\/lijn-pijl-agxeed-up-300x143.webp 300w\" sizes=\"(max-width: 635px) 100vw, 635px\" \/>\t\t\t\t\t\t\t\t\t\t\t\t\t\t\t<\/div>\n\t\t\t\t<\/div>\n\t\t\t\t<\/div>\n\t\t\t\t\t<\/div>\n\t\t\t\t<\/div>\n\t\t<div class=\"elementor-element elementor-element-541a543 e-flex e-con-boxed e-con e-parent\" data-id=\"541a543\" data-element_type=\"container\" data-e-type=\"container\" data-settings=\"{&quot;background_background&quot;:&quot;classic&quot;}\">\n\t\t\t\t\t<div class=\"e-con-inner\">\n\t\t<div class=\"elementor-element elementor-element-b2cfa99 e-con-full e-flex e-con e-child\" data-id=\"b2cfa99\" data-element_type=\"container\" data-e-type=\"container\">\n\t\t\t\t<div class=\"elementor-element elementor-element-adcbe09 elementor-widget elementor-widget-heading\" data-id=\"adcbe09\" data-element_type=\"widget\" data-e-type=\"widget\" data-widget_type=\"heading.default\">\n\t\t\t\t<div class=\"elementor-widget-container\">\n\t\t\t\t\t<h2 class=\"elementor-heading-title elementor-size-default\">T2 <sub>5 SERIES<\/sub>\n<\/h2>\t\t\t\t<\/div>\n\t\t\t\t<\/div>\n\t\t\t\t<div class=\"elementor-element elementor-element-88a3df2 elementor-widget elementor-widget-text-editor\" data-id=\"88a3df2\" data-element_type=\"widget\" data-e-type=\"widget\" data-widget_type=\"text-editor.default\">\n\t\t\t\t<div class=\"elementor-widget-container\">\n\t\t\t\t\t\t\t\t\t<p>Der AgBot T2 <sub>5 SERIES<\/sub> wurde f\u00fcr Arbeiten mit hoher Kapazit\u00e4t auf weitl\u00e4ufigem Ackerland entwickelt und kombiniert einen leistungsstarken dieselelektrischen Antrieb mit bodenschonenden Raupenlaufwerken f\u00fcr Pr\u00e4zision und Leistung.<\/p><p>Integriert mit TraXwise und vollst\u00e4ndig Smart-f\u00e4hig, verwandelt er jede Aufgabe von der Aussaat bis zur Kultivierung in einen freih\u00e4ndigen, zuverl\u00e4ssigen Prozess.<\/p>\t\t\t\t\t\t\t\t<\/div>\n\t\t\t\t<\/div>\n\t\t\t\t<div class=\"elementor-element elementor-element-7175fd0 elementor-widget elementor-widget-button\" data-id=\"7175fd0\" data-element_type=\"widget\" data-e-type=\"widget\" data-widget_type=\"button.default\">\n\t\t\t\t<div class=\"elementor-widget-container\">\n\t\t\t\t\t\t\t\t\t<div class=\"elementor-button-wrapper\">\n\t\t\t\t\t<a class=\"elementor-button elementor-button-link elementor-size-sm\" href=\"https:\/\/www.agxeed.com\/de\/loesungen\/agbots\/agbot-t2-5-series\/\" target=\"_blank\">\n\t\t\t\t\t\t<span class=\"elementor-button-content-wrapper\">\n\t\t\t\t\t\t\t\t\t<span class=\"elementor-button-text\">T2 <sub>5 SERIES<\/sub><\/span>\n\t\t\t\t\t<\/span>\n\t\t\t\t\t<\/a>\n\t\t\t\t<\/div>\n\t\t\t\t\t\t\t\t<\/div>\n\t\t\t\t<\/div>\n\t\t\t\t<\/div>\n\t\t<div class=\"elementor-element elementor-element-55c42ae e-con-full e-flex e-con e-child\" data-id=\"55c42ae\" data-element_type=\"container\" data-e-type=\"container\">\n\t\t\t\t<div class=\"elementor-element elementor-element-f711da5 elementor-widget elementor-widget-image\" data-id=\"f711da5\" data-element_type=\"widget\" data-e-type=\"widget\" data-widget_type=\"image.default\">\n\t\t\t\t<div class=\"elementor-widget-container\">\n\t\t\t\t\t\t\t\t\t\t\t\t\t\t\t<img decoding=\"async\" width=\"768\" height=\"498\" src=\"https:\/\/www.agxeed.com\/wp-content\/uploads\/2025\/09\/agxeed_agbot-768x498.webp\" class=\"attachment-medium_large size-medium_large wp-image-4866\" alt=\"\" srcset=\"https:\/\/www.agxeed.com\/wp-content\/uploads\/2025\/09\/agxeed_agbot-768x498.webp 768w, https:\/\/www.agxeed.com\/wp-content\/uploads\/2025\/09\/agxeed_agbot-300x194.webp 300w, https:\/\/www.agxeed.com\/wp-content\/uploads\/2025\/09\/agxeed_agbot-1024x664.webp 1024w, https:\/\/www.agxeed.com\/wp-content\/uploads\/2025\/09\/agxeed_agbot.webp 1080w\" sizes=\"(max-width: 768px) 100vw, 768px\" \/>\t\t\t\t\t\t\t\t\t\t\t\t\t\t\t<\/div>\n\t\t\t\t<\/div>\n\t\t\t\t<\/div>\n\t\t\t\t\t<\/div>\n\t\t\t\t<\/div>\n\t\t<div class=\"elementor-element elementor-element-cf84614 e-flex e-con-boxed e-con e-parent\" data-id=\"cf84614\" data-element_type=\"container\" data-e-type=\"container\">\n\t\t\t\t\t<div class=\"e-con-inner\">\n\t\t<div class=\"elementor-element elementor-element-e7ae629 e-con-full e-flex e-con e-child\" data-id=\"e7ae629\" data-element_type=\"container\" data-e-type=\"container\">\n\t\t\t\t<div class=\"elementor-element elementor-element-e25cb2d elementor-widget elementor-widget-image\" data-id=\"e25cb2d\" data-element_type=\"widget\" data-e-type=\"widget\" data-widget_type=\"image.default\">\n\t\t\t\t<div class=\"elementor-widget-container\">\n\t\t\t\t\t\t\t\t\t\t\t\t\t\t\t<img decoding=\"async\" width=\"768\" height=\"468\" src=\"https:\/\/www.agxeed.com\/wp-content\/uploads\/2025\/11\/T2-7-SERIES-product-page-e1762374279586-768x468.png\" class=\"attachment-medium_large size-medium_large wp-image-4897\" alt=\"\" srcset=\"https:\/\/www.agxeed.com\/wp-content\/uploads\/2025\/11\/T2-7-SERIES-product-page-e1762374279586-768x468.png 768w, https:\/\/www.agxeed.com\/wp-content\/uploads\/2025\/11\/T2-7-SERIES-product-page-e1762374279586-300x183.png 300w, https:\/\/www.agxeed.com\/wp-content\/uploads\/2025\/11\/T2-7-SERIES-product-page-e1762374279586-1024x624.png 1024w, https:\/\/www.agxeed.com\/wp-content\/uploads\/2025\/11\/T2-7-SERIES-product-page-e1762374279586-1536x937.png 1536w, https:\/\/www.agxeed.com\/wp-content\/uploads\/2025\/11\/T2-7-SERIES-product-page-e1762374279586.png 1748w\" sizes=\"(max-width: 768px) 100vw, 768px\" \/>\t\t\t\t\t\t\t\t\t\t\t\t\t\t\t<\/div>\n\t\t\t\t<\/div>\n\t\t\t\t<\/div>\n\t\t<div class=\"elementor-element elementor-element-8574f7f e-con-full e-flex e-con e-child\" data-id=\"8574f7f\" data-element_type=\"container\" data-e-type=\"container\">\n\t\t\t\t<div class=\"elementor-element elementor-element-49932bd elementor-widget elementor-widget-heading\" data-id=\"49932bd\" data-element_type=\"widget\" data-e-type=\"widget\" data-widget_type=\"heading.default\">\n\t\t\t\t<div class=\"elementor-widget-container\">\n\t\t\t\t\t<h2 class=\"elementor-heading-title elementor-size-default\">T2 <sub>7 SERIES<\/sub>\n<\/h2>\t\t\t\t<\/div>\n\t\t\t\t<\/div>\n\t\t\t\t<div class=\"elementor-element elementor-element-1ef2b27 elementor-widget elementor-widget-text-editor\" data-id=\"1ef2b27\" data-element_type=\"widget\" data-e-type=\"widget\" data-widget_type=\"text-editor.default\">\n\t\t\t\t<div class=\"elementor-widget-container\">\n\t\t\t\t\t\t\t\t\t<p>Der AgXeed T2 <sub>7 SERIES<\/sub> kombiniert 230 PS mit autonomem Betrieb und ultraniedrigem Bodendruck und erm\u00f6glicht so eine intelligentere, nachhaltigere Landwirtschaft mit weniger Handgriffen.<\/p><p>Integriert mit TraXwise und vollst\u00e4ndig Smart-f\u00e4hig, verwandelt er jede Aufgabe von der Aussaat bis zur Kultivierung in einen freih\u00e4ndigen, zuverl\u00e4ssigen Prozess.<\/p>\t\t\t\t\t\t\t\t<\/div>\n\t\t\t\t<\/div>\n\t\t\t\t<div class=\"elementor-element elementor-element-dae24b5 elementor-widget elementor-widget-button\" data-id=\"dae24b5\" data-element_type=\"widget\" data-e-type=\"widget\" data-widget_type=\"button.default\">\n\t\t\t\t<div class=\"elementor-widget-container\">\n\t\t\t\t\t\t\t\t\t<div class=\"elementor-button-wrapper\">\n\t\t\t\t\t<a class=\"elementor-button elementor-button-link elementor-size-sm\" href=\"https:\/\/www.agxeed.com\/de\/loesungen\/agbots\/agbot-t2-7-series\/\" target=\"_blank\">\n\t\t\t\t\t\t<span class=\"elementor-button-content-wrapper\">\n\t\t\t\t\t\t\t\t\t<span class=\"elementor-button-text\">T2 <sub>7 SERIES<\/sub><\/span>\n\t\t\t\t\t<\/span>\n\t\t\t\t\t<\/a>\n\t\t\t\t<\/div>\n\t\t\t\t\t\t\t\t<\/div>\n\t\t\t\t<\/div>\n\t\t\t\t<\/div>\n\t\t\t\t\t<\/div>\n\t\t\t\t<\/div>\n\t\t<div class=\"elementor-element elementor-element-2a9264e e-flex e-con-boxed e-con e-parent\" data-id=\"2a9264e\" data-element_type=\"container\" data-e-type=\"container\" data-settings=\"{&quot;background_background&quot;:&quot;classic&quot;}\">\n\t\t\t\t\t<div class=\"e-con-inner\">\n\t\t<div class=\"elementor-element elementor-element-ce66416 e-con-full e-flex e-con e-child\" data-id=\"ce66416\" data-element_type=\"container\" data-e-type=\"container\">\n\t\t\t\t<div class=\"elementor-element elementor-element-6655fe0 elementor-widget elementor-widget-heading\" data-id=\"6655fe0\" data-element_type=\"widget\" data-e-type=\"widget\" data-widget_type=\"heading.default\">\n\t\t\t\t<div class=\"elementor-widget-container\">\n\t\t\t\t\t<h2 class=\"elementor-heading-title elementor-size-default\">W3 <sub>2 SERIES<\/sub>\n<\/h2>\t\t\t\t<\/div>\n\t\t\t\t<\/div>\n\t\t\t\t<div class=\"elementor-element elementor-element-c24d789 elementor-widget elementor-widget-text-editor\" data-id=\"c24d789\" data-element_type=\"widget\" data-e-type=\"widget\" data-widget_type=\"text-editor.default\">\n\t\t\t\t<div class=\"elementor-widget-container\">\n\t\t\t\t\t\t\t\t\t<p>Bei hochwertigen Kulturen wie \u00c4pfeln und Birnen sind Pr\u00e4zision und Sorgfalt am wichtigsten. Der W3 wurde f\u00fcr Obstg\u00e4rten und Baumschulen entwickelt und zeichnet sich durch ein geringes Gewicht und eine intelligente Autonomie aus, die Kulturen und B\u00f6den in Top-Zustand h\u00e4lt. <\/p><p>Integriert mit TraXwise und vollst\u00e4ndig Smart-f\u00e4hig, verwandelt er jede Aufgabe von der Aussaat bis zur Kultivierung in einen freih\u00e4ndigen, zuverl\u00e4ssigen Prozess.<\/p>\t\t\t\t\t\t\t\t<\/div>\n\t\t\t\t<\/div>\n\t\t\t\t<div class=\"elementor-element elementor-element-008d577 elementor-widget elementor-widget-button\" data-id=\"008d577\" data-element_type=\"widget\" data-e-type=\"widget\" data-widget_type=\"button.default\">\n\t\t\t\t<div class=\"elementor-widget-container\">\n\t\t\t\t\t\t\t\t\t<div class=\"elementor-button-wrapper\">\n\t\t\t\t\t<a class=\"elementor-button elementor-button-link elementor-size-sm\" href=\"https:\/\/www.agxeed.com\/de\/loesungen\/agbots\/agbot-w3-serie\/\" target=\"_blank\">\n\t\t\t\t\t\t<span class=\"elementor-button-content-wrapper\">\n\t\t\t\t\t\t\t\t\t<span class=\"elementor-button-text\">W3 <sub>2 SERIES<\/sub><\/span>\n\t\t\t\t\t<\/span>\n\t\t\t\t\t<\/a>\n\t\t\t\t<\/div>\n\t\t\t\t\t\t\t\t<\/div>\n\t\t\t\t<\/div>\n\t\t\t\t<\/div>\n\t\t<div class=\"elementor-element elementor-element-45816b3 e-con-full e-flex e-con e-child\" data-id=\"45816b3\" data-element_type=\"container\" data-e-type=\"container\">\n\t\t\t\t<div class=\"elementor-element elementor-element-f3b7a05 elementor-widget elementor-widget-image\" data-id=\"f3b7a05\" data-element_type=\"widget\" data-e-type=\"widget\" data-widget_type=\"image.default\">\n\t\t\t\t<div class=\"elementor-widget-container\">\n\t\t\t\t\t\t\t\t\t\t\t\t\t\t\t<img loading=\"lazy\" decoding=\"async\" width=\"1024\" height=\"462\" src=\"https:\/\/www.agxeed.com\/wp-content\/uploads\/2025\/10\/W3-render-new-header_w-1024x462.png\" class=\"attachment-large size-large wp-image-4863\" alt=\"\" srcset=\"https:\/\/www.agxeed.com\/wp-content\/uploads\/2025\/10\/W3-render-new-header_w-1024x462.png 1024w, https:\/\/www.agxeed.com\/wp-content\/uploads\/2025\/10\/W3-render-new-header_w-300x135.png 300w, https:\/\/www.agxeed.com\/wp-content\/uploads\/2025\/10\/W3-render-new-header_w-768x347.png 768w, https:\/\/www.agxeed.com\/wp-content\/uploads\/2025\/10\/W3-render-new-header_w-1536x693.png 1536w, https:\/\/www.agxeed.com\/wp-content\/uploads\/2025\/10\/W3-render-new-header_w.png 1622w\" sizes=\"(max-width: 1024px) 100vw, 1024px\" \/>\t\t\t\t\t\t\t\t\t\t\t\t\t\t\t<\/div>\n\t\t\t\t<\/div>\n\t\t\t\t<\/div>\n\t\t\t\t\t<\/div>\n\t\t\t\t<\/div>\n\t\t<div class=\"elementor-element elementor-element-7f1ceb4 e-flex e-con-boxed e-con e-parent\" data-id=\"7f1ceb4\" data-element_type=\"container\" data-e-type=\"container\">\n\t\t\t\t\t<div class=\"e-con-inner\">\n\t\t<div class=\"elementor-element elementor-element-e0215d8 e-con-full e-flex e-con e-child\" data-id=\"e0215d8\" data-element_type=\"container\" data-e-type=\"container\">\n\t\t\t\t<div class=\"elementor-element elementor-element-a31672a elementor-widget elementor-widget-image\" data-id=\"a31672a\" data-element_type=\"widget\" data-e-type=\"widget\" data-widget_type=\"image.default\">\n\t\t\t\t<div class=\"elementor-widget-container\">\n\t\t\t\t\t\t\t\t\t\t\t\t\t\t\t<img loading=\"lazy\" decoding=\"async\" width=\"1000\" height=\"398\" src=\"https:\/\/www.agxeed.com\/wp-content\/uploads\/2025\/10\/Agbot-w4-2-series-AgXeed-1.webp\" class=\"attachment-large size-large wp-image-4834\" alt=\"\" srcset=\"https:\/\/www.agxeed.com\/wp-content\/uploads\/2025\/10\/Agbot-w4-2-series-AgXeed-1.webp 1000w, https:\/\/www.agxeed.com\/wp-content\/uploads\/2025\/10\/Agbot-w4-2-series-AgXeed-1-300x119.webp 300w, https:\/\/www.agxeed.com\/wp-content\/uploads\/2025\/10\/Agbot-w4-2-series-AgXeed-1-768x306.webp 768w\" sizes=\"(max-width: 1000px) 100vw, 1000px\" \/>\t\t\t\t\t\t\t\t\t\t\t\t\t\t\t<\/div>\n\t\t\t\t<\/div>\n\t\t\t\t<\/div>\n\t\t<div class=\"elementor-element elementor-element-6173d6a e-con-full e-flex e-con e-child\" data-id=\"6173d6a\" data-element_type=\"container\" data-e-type=\"container\">\n\t\t\t\t<div class=\"elementor-element elementor-element-a152b13 elementor-widget elementor-widget-heading\" data-id=\"a152b13\" data-element_type=\"widget\" data-e-type=\"widget\" data-widget_type=\"heading.default\">\n\t\t\t\t<div class=\"elementor-widget-container\">\n\t\t\t\t\t<h2 class=\"elementor-heading-title elementor-size-default\">W4 <sub>2 SERIE<\/sub>\n<\/h2>\t\t\t\t<\/div>\n\t\t\t\t<\/div>\n\t\t\t\t<div class=\"elementor-element elementor-element-9a3a341 elementor-widget elementor-widget-text-editor\" data-id=\"9a3a341\" data-element_type=\"widget\" data-e-type=\"widget\" data-widget_type=\"text-editor.default\">\n\t\t\t\t<div class=\"elementor-widget-container\">\n\t\t\t\t\t\t\t\t\t<p>F\u00fcr leichtere Bodenbearbeitung, Pflanzenpflege und Spezialkulturen bietet der W4 Flexibilit\u00e4t und Effizienz. Von der Gr\u00fcnlandpflege bis zum Beet-Anbau von Blumen, Zwiebeln und Kr\u00e4utern kombiniert der W4 Autonomie mit Pr\u00e4zision, um Boden, Pflanzen und Betrieb in Top-Zustand zu halten. <\/p>\t\t\t\t\t\t\t\t<\/div>\n\t\t\t\t<\/div>\n\t\t\t\t<div class=\"elementor-element elementor-element-d4fadb5 elementor-widget elementor-widget-button\" data-id=\"d4fadb5\" data-element_type=\"widget\" data-e-type=\"widget\" data-widget_type=\"button.default\">\n\t\t\t\t<div class=\"elementor-widget-container\">\n\t\t\t\t\t\t\t\t\t<div class=\"elementor-button-wrapper\">\n\t\t\t\t\t<a class=\"elementor-button elementor-button-link elementor-size-sm\" href=\"https:\/\/www.agxeed.com\/de\/loesungen\/agbots\/agbot-w4-serie\/\" target=\"_blank\">\n\t\t\t\t\t\t<span class=\"elementor-button-content-wrapper\">\n\t\t\t\t\t\t\t\t\t<span class=\"elementor-button-text\">W4 <sub>2 SERIE<\/sub><\/span>\n\t\t\t\t\t<\/span>\n\t\t\t\t\t<\/a>\n\t\t\t\t<\/div>\n\t\t\t\t\t\t\t\t<\/div>\n\t\t\t\t<\/div>\n\t\t\t\t<\/div>\n\t\t\t\t\t<\/div>\n\t\t\t\t<\/div>\n\t\t\t\t<\/div>\n\t\t","protected":false},"excerpt":{"rendered":"<p>Agbots<br \/>\nUnsere Helden<\/p>\n<p>T2 <sub>5 SERIES<\/sub><\/p>\n<p>Der AgBot T2 <sub>5 SERIES<\/sub> wurde f\u00fcr Arbeiten mit hoher Kapazit\u00e4t auf weitl\u00e4ufigem Ackerland entwickelt und kombiniert einen leistungsstarken dieselelektrischen Antrieb mit bodenschonenden Raupenlaufwerken f\u00fcr Pr\u00e4zision und Leistung.<br \/>\nIntegriert mit TraXwise und vollst\u00e4ndig Smart-f\u00e4hig, verwandelt er jede Aufgabe von der Aussaat bis zur Kultivierung in einen freih\u00e4ndigen, zuverl\u00e4ssigen Prozess.<br \/>\n\t\t\t\t\t<a href=\"https:\/\/www.agxeed.com\/de\/loesungen\/agbots\/agbot-t2-5-series\/\" target=\"_blank\"><br \/>\n\t\t\t\t\t\t\t\t\tT2 <sub>5 SERIES<\/sub><br \/>\n\t\t\t\t\t<\/a><\/p>\n<p>T2 <sub>7 SERIES<\/sub><\/p>\n<p>Der AgXeed T2 <sub>7 SERIES<\/sub> kombiniert 230 PS mit autonomem Betrieb und ultraniedrigem Bodendruck und erm\u00f6glicht so eine intelligentere, nachhaltigere Landwirtschaft mit weniger Handgriffen.<br \/>\nIntegriert mit TraXwise und vollst\u00e4ndig Smart-f\u00e4hig, verwandelt er jede Aufgabe von der Aussaat bis zur Kultivierung in einen freih\u00e4ndigen, zuverl\u00e4ssigen Prozess.<br \/>\n\t\t\t\t\t<a href=\"https:\/\/www.agxeed.com\/de\/loesungen\/agbots\/agbot-t2-7-series\/\" target=\"_blank\"><br \/>\n\t\t\t\t\t\t\t\t\tT2 <sub>7 SERIES<\/sub><br \/>\n\t\t\t\t\t<\/a><br \/>\nW3 <sub>2 SERIES<\/sub><\/p>\n<p>Bei hochwertigen Kulturen wie \u00c4pfeln und Birnen sind Pr\u00e4zision und Sorgfalt am wichtigsten. Der W3 wurde f\u00fcr Obstg\u00e4rten und Baumschulen entwickelt und zeichnet sich durch ein geringes Gewicht und eine intelligente Autonomie aus, die Kulturen und B\u00f6den in Top-Zustand h\u00e4lt.<br \/>\nIntegriert mit TraXwise und vollst\u00e4ndig Smart-f\u00e4hig, verwandelt er jede Aufgabe von der Aussaat bis zur Kultivierung in einen freih\u00e4ndigen, zuverl\u00e4ssigen Prozess.<br \/>\n\t\t\t\t\t<a href=\"https:\/\/www.agxeed.com\/de\/loesungen\/agbots\/agbot-w3-serie\/\" target=\"_blank\"><br \/>\n\t\t\t\t\t\t\t\t\tW3 <sub>2 SERIES<\/sub><br \/>\n\t\t\t\t\t<\/a><\/p>\n<p>W4 <sub>2 SERIE<\/sub><\/p>\n<p>F\u00fcr leichtere Bodenbearbeitung, Pflanzenpflege und Spezialkulturen bietet der W4 Flexibilit\u00e4t und Effizienz. Von der Gr\u00fcnlandpflege bis zum Beet-Anbau von Blumen, Zwiebeln und Kr\u00e4utern kombiniert der W4 Autonomie mit Pr\u00e4zision, um Boden, Pflanzen und Betrieb in Top-Zustand zu halten.<br \/>\n\t\t\t\t\t<a href=\"https:\/\/www.agxeed.com\/de\/loesungen\/agbots\/agbot-w4-serie\/\" target=\"_blank\"><br \/>\n\t\t\t\t\t\t\t\t\tW4 <sub>2 SERIE<\/sub><br \/>\n\t\t\t\t\t<\/a><\/p>\n","protected":false},"author":1,"featured_media":0,"parent":4841,"menu_order":0,"comment_status":"closed","ping_status":"closed","template":"","meta":{"_acf_changed":false,"content-type":"","site-sidebar-layout":"no-sidebar","site-content-layout":"","ast-site-content-layout":"full-width-container","site-content-style":"default","site-sidebar-style":"default","ast-global-header-display":"","ast-banner-title-visibility":"","ast-main-header-display":"","ast-hfb-above-header-display":"","ast-hfb-below-header-display":"","ast-hfb-mobile-header-display":"","site-post-title":"","ast-breadcrumbs-content":"","ast-featured-img":"disabled","footer-sml-layout":"","ast-disable-related-posts":"","theme-transparent-header-meta":"","adv-header-id-meta":"","stick-header-meta":"","header-above-stick-meta":"","header-main-stick-meta":"","header-below-stick-meta":"","astra-migrate-meta-layouts":"default","ast-page-background-enabled":"default","ast-page-background-meta":{"desktop":{"background-color":"var(--ast-global-color-4)","background-image":"","background-repeat":"repeat","background-position":"center center","background-size":"auto","background-attachment":"scroll","background-type":"","background-media":"","overlay-type":"","overlay-color":"","overlay-opacity":"","overlay-gradient":""},"tablet":{"background-color":"","background-image":"","background-repeat":"repeat","background-position":"center center","background-size":"auto","background-attachment":"scroll","background-type":"","background-media":"","overlay-type":"","overlay-color":"","overlay-opacity":"","overlay-gradient":""},"mobile":{"background-color":"","background-image":"","background-repeat":"repeat","background-position":"center center","background-size":"auto","background-attachment":"scroll","background-type":"","background-media":"","overlay-type":"","overlay-color":"","overlay-opacity":"","overlay-gradient":""}},"ast-content-background-meta":{"desktop":{"background-color":"var(--ast-global-color-5)","background-image":"","background-repeat":"repeat","background-position":"center center","background-size":"auto","background-attachment":"scroll","background-type":"","background-media":"","overlay-type":"","overlay-color":"","overlay-opacity":"","overlay-gradient":""},"tablet":{"background-color":"var(--ast-global-color-5)","background-image":"","background-repeat":"repeat","background-position":"center center","background-size":"auto","background-attachment":"scroll","background-type":"","background-media":"","overlay-type":"","overlay-color":"","overlay-opacity":"","overlay-gradient":""},"mobile":{"background-color":"var(--ast-global-color-5)","background-image":"","background-repeat":"repeat","background-position":"center center","background-size":"auto","background-attachment":"scroll","background-type":"","background-media":"","overlay-type":"","overlay-color":"","overlay-opacity":"","overlay-gradient":""}},"footnotes":""},"class_list":["post-4896","page","type-page","status-publish","hentry"],"acf":[],"publishpress_future_workflow_manual_trigger":{"enabledWorkflows":[]},"_links":{"self":[{"href":"https:\/\/www.agxeed.com\/de\/wp-json\/wp\/v2\/pages\/4896","targetHints":{"allow":["GET"]}}],"collection":[{"href":"https:\/\/www.agxeed.com\/de\/wp-json\/wp\/v2\/pages"}],"about":[{"href":"https:\/\/www.agxeed.com\/de\/wp-json\/wp\/v2\/types\/page"}],"author":[{"embeddable":true,"href":"https:\/\/www.agxeed.com\/de\/wp-json\/wp\/v2\/users\/1"}],"replies":[{"embeddable":true,"href":"https:\/\/www.agxeed.com\/de\/wp-json\/wp\/v2\/comments?post=4896"}],"version-history":[{"count":3,"href":"https:\/\/www.agxeed.com\/de\/wp-json\/wp\/v2\/pages\/4896\/revisions"}],"predecessor-version":[{"id":7637,"href":"https:\/\/www.agxeed.com\/de\/wp-json\/wp\/v2\/pages\/4896\/revisions\/7637"}],"up":[{"embeddable":true,"href":"https:\/\/www.agxeed.com\/de\/wp-json\/wp\/v2\/pages\/4841"}],"wp:attachment":[{"href":"https:\/\/www.agxeed.com\/de\/wp-json\/wp\/v2\/media?parent=4896"}],"curies":[{"name":"wp","href":"https:\/\/api.w.org\/{rel}","templated":true}]}}