{"id":5060,"date":"2025-10-23T16:32:36","date_gmt":"2025-10-23T14:32:36","guid":{"rendered":"https:\/\/www.agxeed.com\/karriere\/"},"modified":"2026-03-20T15:11:58","modified_gmt":"2026-03-20T14:11:58","slug":"karriere","status":"publish","type":"page","link":"https:\/\/www.agxeed.com\/de\/karriere\/","title":{"rendered":"Karriere"},"content":{"rendered":"\t\t<div data-elementor-type=\"wp-page\" data-elementor-id=\"5060\" class=\"elementor elementor-5060 elementor-2617\" data-elementor-post-type=\"page\">\n\t\t\t\t<div class=\"elementor-element elementor-element-19db039 e-flex e-con-boxed e-con e-parent\" data-id=\"19db039\" data-element_type=\"container\" data-e-type=\"container\">\n\t\t\t\t\t<div class=\"e-con-inner\">\n\t\t\t\t<div class=\"elementor-element elementor-element-ac8a64f elementor-widget elementor-widget-heading\" data-id=\"ac8a64f\" data-element_type=\"widget\" data-e-type=\"widget\" data-widget_type=\"heading.default\">\n\t\t\t\t<div class=\"elementor-widget-container\">\n\t\t\t\t\t<h1 class=\"elementor-heading-title elementor-size-default\">Karriere<\/h1>\t\t\t\t<\/div>\n\t\t\t\t<\/div>\n\t\t\t\t\t<\/div>\n\t\t\t\t<\/div>\n\t\t<div class=\"elementor-element elementor-element-4ad4ff7 e-flex e-con-boxed e-con e-parent\" data-id=\"4ad4ff7\" data-element_type=\"container\" data-e-type=\"container\">\n\t\t\t\t\t<div class=\"e-con-inner\">\n\t\t\t\t<div class=\"elementor-element elementor-element-93d30ce elementor-grid-2 elementor-grid-tablet-2 elementor-grid-mobile-1 elementor-widget elementor-widget-loop-grid\" data-id=\"93d30ce\" data-element_type=\"widget\" data-e-type=\"widget\" data-settings=\"{&quot;template_id&quot;:5341,&quot;columns&quot;:2,&quot;_skin&quot;:&quot;post&quot;,&quot;columns_tablet&quot;:&quot;2&quot;,&quot;columns_mobile&quot;:&quot;1&quot;,&quot;edit_handle_selector&quot;:&quot;[data-elementor-type=\\&quot;loop-item\\&quot;]&quot;,&quot;row_gap&quot;:{&quot;unit&quot;:&quot;px&quot;,&quot;size&quot;:&quot;&quot;,&quot;sizes&quot;:[]},&quot;row_gap_tablet&quot;:{&quot;unit&quot;:&quot;px&quot;,&quot;size&quot;:&quot;&quot;,&quot;sizes&quot;:[]},&quot;row_gap_mobile&quot;:{&quot;unit&quot;:&quot;px&quot;,&quot;size&quot;:&quot;&quot;,&quot;sizes&quot;:[]}}\" data-widget_type=\"loop-grid.post\">\n\t\t\t\t<div class=\"elementor-widget-container\">\n\t\t\t\t\t\t\t<div class=\"elementor-loop-container elementor-grid\" role=\"list\">\n\t\t<style id=\"loop-5341\">.elementor-5341 .elementor-element.elementor-element-8186db5{--display:flex;--gap:0px 0px;--row-gap:0px;--column-gap:0px;border-style:solid;--border-style:solid;border-width:1px 1px 1px 1px;--border-top-width:1px;--border-right-width:1px;--border-bottom-width:1px;--border-left-width:1px;border-color:var( --e-global-color-astglobalcolor7 );--border-color:var( --e-global-color-astglobalcolor7 );--padding-top:15px;--padding-bottom:15px;--padding-left:15px;--padding-right:15px;}.elementor-5341 .elementor-element.elementor-element-8186db5.e-con:hover{--e-con-transform-scale:1.02;}.elementor-5341 .elementor-element.elementor-element-d888b6d .elementor-heading-title{text-transform:uppercase;color:var( --e-global-color-astglobalcolor2 );}.elementor-5341 .elementor-element.elementor-element-964fbd8{font-weight:700;}.elementor-5341 .elementor-element.elementor-element-964fbd8 a{color:#000000;}.elementor-5341 .elementor-element.elementor-element-964fbd8 a:hover, .elementor-5341 .elementor-element.elementor-element-964fbd8 a:focus{color:#000000;}.elementor-5341 .elementor-element.elementor-element-112d7f8 .elementor-icon-wrapper{text-align:end;}.elementor-5341 .elementor-element.elementor-element-112d7f8 .elementor-icon{font-size:20px;}.elementor-5341 .elementor-element.elementor-element-112d7f8 .elementor-icon svg{height:20px;}.elementor-5341 .elementor-element.elementor-element-112d7f8 > .elementor-widget-container{margin:-25px 0px 0px 0px;}<\/style>\t\t<div data-elementor-type=\"loop-item\" data-elementor-id=\"5341\" class=\"elementor elementor-5341 elementor-2622 elementor-2622 e-loop-item e-loop-item-7282 post-7282 vacature type-vacature status-publish hentry\" data-elementor-post-type=\"elementor_library\" data-custom-edit-handle=\"1\">\n\t\t\t<a class=\"elementor-element elementor-element-8186db5 e-transform e-flex e-con-boxed e-con e-parent\" data-id=\"8186db5\" data-element_type=\"container\" data-e-type=\"container\" data-settings=\"{&quot;_transform_scale_effect_hover&quot;:{&quot;unit&quot;:&quot;px&quot;,&quot;size&quot;:1.02,&quot;sizes&quot;:[]},&quot;_transform_scale_effect_hover_tablet&quot;:{&quot;unit&quot;:&quot;px&quot;,&quot;size&quot;:&quot;&quot;,&quot;sizes&quot;:[]},&quot;_transform_scale_effect_hover_mobile&quot;:{&quot;unit&quot;:&quot;px&quot;,&quot;size&quot;:&quot;&quot;,&quot;sizes&quot;:[]}}\" href=\"https:\/\/www.agxeed.com\/de\/vacature\/montagemitarbeiter\/\">\n\t\t\t\t\t<div class=\"e-con-inner\">\n\t\t\t\t<div class=\"elementor-element elementor-element-d888b6d elementor-widget elementor-widget-theme-post-title elementor-page-title elementor-widget-heading\" data-id=\"d888b6d\" data-element_type=\"widget\" data-e-type=\"widget\" data-widget_type=\"theme-post-title.default\">\n\t\t\t\t<div class=\"elementor-widget-container\">\n\t\t\t\t\t<h1 class=\"elementor-heading-title elementor-size-default\">MONTAGEMITARBEITER<\/h1>\t\t\t\t<\/div>\n\t\t\t\t<\/div>\n\t\t\t\t<div class=\"elementor-element elementor-element-964fbd8 elementor-widget elementor-widget-text-editor\" data-id=\"964fbd8\" data-element_type=\"widget\" data-e-type=\"widget\" data-widget_type=\"text-editor.default\">\n\t\t\t\t<div class=\"elementor-widget-container\">\n\t\t\t\t\t\t\t\t\tGrubbenvorst (NL)\t\t\t\t\t\t\t\t<\/div>\n\t\t\t\t<\/div>\n\t\t\t\t<div class=\"elementor-element elementor-element-76db240 elementor-widget elementor-widget-text-editor\" data-id=\"76db240\" data-element_type=\"widget\" data-e-type=\"widget\" data-widget_type=\"text-editor.default\">\n\t\t\t\t<div class=\"elementor-widget-container\">\n\t\t\t\t\t\t\t\t\t40 uur\t\t\t\t\t\t\t\t<\/div>\n\t\t\t\t<\/div>\n\t\t\t\t<div class=\"elementor-element elementor-element-112d7f8 elementor-view-default elementor-widget elementor-widget-icon\" data-id=\"112d7f8\" data-element_type=\"widget\" data-e-type=\"widget\" data-widget_type=\"icon.default\">\n\t\t\t\t<div class=\"elementor-widget-container\">\n\t\t\t\t\t\t\t<div class=\"elementor-icon-wrapper\">\n\t\t\t<div class=\"elementor-icon\">\n\t\t\t<svg xmlns=\"http:\/\/www.w3.org\/2000\/svg\" id=\"Laag_2\" viewBox=\"0 0 6.16 8.1\"><defs><style>.cls-1{fill:#5fb466;}<\/style><\/defs><g id=\"Laag_1-2\"><path class=\"cls-1\" d=\"M.14,5.75l1.7-1.7L.12,2.32c-.16-.16-.16-.32,0-.48L1.84.13c.18-.16.35-.17.5-.02l3.7,3.7c.16.16.16.33,0,.5l-3.67,3.67c-.16.16-.34.16-.53,0L.12,6.26c-.16-.15-.16-.32.02-.5H.14Z\"><\/path><\/g><\/svg>\t\t\t<\/div>\n\t\t<\/div>\n\t\t\t\t\t\t<\/div>\n\t\t\t\t<\/div>\n\t\t\t\t\t<\/div>\n\t\t\t\t<\/a>\n\t\t\t\t<\/div>\n\t\t\t\t<div data-elementor-type=\"loop-item\" data-elementor-id=\"5341\" class=\"elementor elementor-5341 elementor-2622 elementor-2622 e-loop-item e-loop-item-5563 post-5563 vacature type-vacature status-publish hentry\" data-elementor-post-type=\"elementor_library\" data-custom-edit-handle=\"1\">\n\t\t\t<a class=\"elementor-element elementor-element-8186db5 e-transform e-flex e-con-boxed e-con e-parent\" data-id=\"8186db5\" data-element_type=\"container\" data-e-type=\"container\" data-settings=\"{&quot;_transform_scale_effect_hover&quot;:{&quot;unit&quot;:&quot;px&quot;,&quot;size&quot;:1.02,&quot;sizes&quot;:[]},&quot;_transform_scale_effect_hover_tablet&quot;:{&quot;unit&quot;:&quot;px&quot;,&quot;size&quot;:&quot;&quot;,&quot;sizes&quot;:[]},&quot;_transform_scale_effect_hover_mobile&quot;:{&quot;unit&quot;:&quot;px&quot;,&quot;size&quot;:&quot;&quot;,&quot;sizes&quot;:[]}}\" href=\"https:\/\/www.agxeed.com\/de\/vacature\/vertriebsleiter-de\/\">\n\t\t\t\t\t<div class=\"e-con-inner\">\n\t\t\t\t<div class=\"elementor-element elementor-element-d888b6d elementor-widget elementor-widget-theme-post-title elementor-page-title elementor-widget-heading\" data-id=\"d888b6d\" data-element_type=\"widget\" data-e-type=\"widget\" data-widget_type=\"theme-post-title.default\">\n\t\t\t\t<div class=\"elementor-widget-container\">\n\t\t\t\t\t<h1 class=\"elementor-heading-title elementor-size-default\">Vertriebsleiter Nord-Ost Deutschland<\/h1>\t\t\t\t<\/div>\n\t\t\t\t<\/div>\n\t\t\t\t<div class=\"elementor-element elementor-element-964fbd8 elementor-widget elementor-widget-text-editor\" data-id=\"964fbd8\" data-element_type=\"widget\" data-e-type=\"widget\" data-widget_type=\"text-editor.default\">\n\t\t\t\t<div class=\"elementor-widget-container\">\n\t\t\t\t\t\t\t\t\tRemote DE\t\t\t\t\t\t\t\t<\/div>\n\t\t\t\t<\/div>\n\t\t\t\t<div class=\"elementor-element elementor-element-76db240 elementor-widget elementor-widget-text-editor\" data-id=\"76db240\" data-element_type=\"widget\" data-e-type=\"widget\" data-widget_type=\"text-editor.default\">\n\t\t\t\t<div class=\"elementor-widget-container\">\n\t\t\t\t\t\t\t\t\t40 Stunden\t\t\t\t\t\t\t\t<\/div>\n\t\t\t\t<\/div>\n\t\t\t\t<div class=\"elementor-element elementor-element-112d7f8 elementor-view-default elementor-widget elementor-widget-icon\" data-id=\"112d7f8\" data-element_type=\"widget\" data-e-type=\"widget\" data-widget_type=\"icon.default\">\n\t\t\t\t<div class=\"elementor-widget-container\">\n\t\t\t\t\t\t\t<div class=\"elementor-icon-wrapper\">\n\t\t\t<div class=\"elementor-icon\">\n\t\t\t<svg xmlns=\"http:\/\/www.w3.org\/2000\/svg\" id=\"Laag_2\" viewBox=\"0 0 6.16 8.1\"><defs><style>.cls-1{fill:#5fb466;}<\/style><\/defs><g id=\"Laag_1-2\"><path class=\"cls-1\" d=\"M.14,5.75l1.7-1.7L.12,2.32c-.16-.16-.16-.32,0-.48L1.84.13c.18-.16.35-.17.5-.02l3.7,3.7c.16.16.16.33,0,.5l-3.67,3.67c-.16.16-.34.16-.53,0L.12,6.26c-.16-.15-.16-.32.02-.5H.14Z\"><\/path><\/g><\/svg>\t\t\t<\/div>\n\t\t<\/div>\n\t\t\t\t\t\t<\/div>\n\t\t\t\t<\/div>\n\t\t\t\t\t<\/div>\n\t\t\t\t<\/a>\n\t\t\t\t<\/div>\n\t\t\t\t<\/div>\n\t\t\n\t\t\t\t\t\t<\/div>\n\t\t\t\t<\/div>\n\t\t\t\t\t<\/div>\n\t\t\t\t<\/div>\n\t\t<div class=\"elementor-element elementor-element-6d3d7a9 e-flex e-con-boxed e-con e-parent\" data-id=\"6d3d7a9\" data-element_type=\"container\" data-e-type=\"container\">\n\t\t\t\t\t<div class=\"e-con-inner\">\n\t\t\t\t<div class=\"elementor-element elementor-element-4fcc2ea elementor-align-center elementor-widget elementor-widget-button\" data-id=\"4fcc2ea\" data-element_type=\"widget\" data-e-type=\"widget\" data-widget_type=\"button.default\">\n\t\t\t\t<div class=\"elementor-widget-container\">\n\t\t\t\t\t\t\t\t\t<div class=\"elementor-button-wrapper\">\n\t\t\t\t\t<a class=\"elementor-button elementor-button-link elementor-size-sm\" href=\"https:\/\/www.agxeed.com\/de\/elementor-6592\/\">\n\t\t\t\t\t\t<span class=\"elementor-button-content-wrapper\">\n\t\t\t\t\t\t\t\t\t<span class=\"elementor-button-text\">Nehmen Sie Kontakt auf<\/span>\n\t\t\t\t\t<\/span>\n\t\t\t\t\t<\/a>\n\t\t\t\t<\/div>\n\t\t\t\t\t\t\t\t<\/div>\n\t\t\t\t<\/div>\n\t\t\t\t\t<\/div>\n\t\t\t\t<\/div>\n\t\t<div class=\"elementor-element elementor-element-6a7f180 e-flex e-con-boxed e-con e-parent\" data-id=\"6a7f180\" data-element_type=\"container\" data-e-type=\"container\" data-settings=\"{&quot;background_background&quot;:&quot;classic&quot;}\">\n\t\t\t\t\t<div class=\"e-con-inner\">\n\t\t\t\t<div class=\"elementor-element elementor-element-1516353 elementor-widget elementor-widget-heading\" data-id=\"1516353\" data-element_type=\"widget\" data-e-type=\"widget\" data-widget_type=\"heading.default\">\n\t\t\t\t<div class=\"elementor-widget-container\">\n\t\t\t\t\t<h1 class=\"elementor-heading-title elementor-size-default\">Unsere Geschichte<\/h1>\t\t\t\t<\/div>\n\t\t\t\t<\/div>\n\t\t\t\t<div class=\"elementor-element elementor-element-40127e7 elementor-widget elementor-widget-text-editor\" data-id=\"40127e7\" data-element_type=\"widget\" data-e-type=\"widget\" data-widget_type=\"text-editor.default\">\n\t\t\t\t<div class=\"elementor-widget-container\">\n\t\t\t\t\t\t\t\t\t<p>In nur acht Jahren hat sich AgXeed von einer ehrgeizigen Idee zu einem zuverl\u00e4ssigen Partner f\u00fcr Landwirte entwickelt, der bew\u00e4hrte autonome L\u00f6sungen liefert, die bereits heute auf dem Feld funktionieren.<\/p><p>Unsere Technologien machen Autonomie praktisch und zuverl\u00e4ssig \u2013 von <strong>AgBots<\/strong> und der intelligenten TraXwise-Plattform bis hin zur <strong>Vehicle Control Unit (VCU)<\/strong> und <strong>Tool Control Unit (TCU)<\/strong>, die entwickelt wurden, um bestehende Maschinen und Ger\u00e4te intelligenter zu machen.<\/p>\t\t\t\t\t\t\t\t<\/div>\n\t\t\t\t<\/div>\n\t\t\t\t<div class=\"elementor-element elementor-element-d419728 elementor-align-center elementor-widget elementor-widget-button\" data-id=\"d419728\" data-element_type=\"widget\" data-e-type=\"widget\" data-widget_type=\"button.default\">\n\t\t\t\t<div class=\"elementor-widget-container\">\n\t\t\t\t\t\t\t\t\t<div class=\"elementor-button-wrapper\">\n\t\t\t\t\t<a class=\"elementor-button elementor-button-link elementor-size-sm\" href=\"https:\/\/www.agxeed.com\/de\/ueber-agxeed\/\">\n\t\t\t\t\t\t<span class=\"elementor-button-content-wrapper\">\n\t\t\t\t\t\t\t\t\t<span class=\"elementor-button-text\">Erfahren Sie mehr \u00fcber uns<\/span>\n\t\t\t\t\t<\/span>\n\t\t\t\t\t<\/a>\n\t\t\t\t<\/div>\n\t\t\t\t\t\t\t\t<\/div>\n\t\t\t\t<\/div>\n\t\t\t\t\t<\/div>\n\t\t\t\t<\/div>\n\t\t\t\t<\/div>\n\t\t","protected":false},"excerpt":{"rendered":"<p>Bei AgXeed transformieren wir die Landwirtschaft durch Autonomie. Hightech-L\u00f6sungen, die sich nahtlos in das moderne \u00d6kosystem der Landwirtschaft integrieren.<br \/>\nWir suchen einen engagierten Vertriebsprofi, der es liebt, Innovationen zu verkaufen, Leads zu generieren und die H\u00e4ndlerleistung auf dem deutschen Markt zu steigern.<br \/>\nAgXeed wurde im Jahr 2018 gegr\u00fcndet und hat heute ein Team von 70 hochmotivierten Mitarbeitern. Bei AgXeed arbeiten Sie <em>AN<\/em> einem Unternehmen und nicht <em>F\u00dcR<\/em> ein Unternehmen!<br \/>\n<strong><strong>Ihre Aufgaben<\/strong><\/strong><\/p>\n<p>Generieren Sie aktiv neue Leads und wandeln Sie diese in Kunden um<br \/>\nDirektvertrieb an potentielle Endkunden<br \/>\nBetreuung und Aufbau des H\u00e4ndlernetzes<br \/>\nInspirieren und motivieren Sie H\u00e4ndler und Kunden f\u00fcr die autonomen Produkte von AgXeed.<br \/>\nIdentifizieren Sie Absatzchancen im Agrarsektor und setzen Sie diese in Ergebnisse um<br \/>\nArbeiten Sie mit dem Marketing zusammen, um Kampagnen und Inhalte zu entwickeln, die die Akzeptanz und den Verkauf von Maschinen f\u00f6rdern<\/p>\n<p><strong><strong>Ihr Profil<\/strong><\/strong><\/p>\n<p>\u00dcberzeugung, Antrieb und Leidenschaft, die Landwirtschaft weiterzuentwickeln<br \/>\nKommerzielle Denkweise mit starkem Fokus auf Umsatzwachstum<br \/>\nMehrj\u00e4hrige Erfahrung im Agrarsektor<br \/>\nAusgepr\u00e4gte Kommunikationsf\u00e4higkeit und Aufbau von Gesch\u00e4ftsbeziehungen<br \/>\nFlie\u00dfend in Deutsch und Englisch<br \/>\nEigeninitiative \u2013 Sie sind motiviert, echten Einfluss zu nehmen<br \/>\nFlexibel: Sie sind dort pr\u00e4sent, wo Sie gebraucht werden<br \/>\nSie sind ein nat\u00fcrlicher Optimist, insbesondere bei R\u00fcckschl\u00e4gen. Ein \u201eNein\u201c bringt Sie nicht aus der Ruhe &#8211; Sie fokussieren sich sofort auf neue Leads<br \/>\nSie haben ein scharfes Gesp\u00fcr daf\u00fcr, wo es sich lohnt, Zeit zu investieren &#8211; Sie priorisieren immer die Aktivit\u00e4ten, die echten Mehrwert f\u00fcr AgXeed schaffen<\/p>\n<p><strong><strong><strong>Was bieten wir?<\/strong><\/strong><\/strong><\/p>\n<p>Ein bodenst\u00e4ndiges, dynamisches und freundliches Arbeitsumfeld, in dem Technologie, Nachhaltigkeit und Pioniergeist aufeinandertreffen<br \/>\nDie Chance, das Team bei der Entwicklung bahnbrechender Agrartechnologien zu unterst\u00fctzen und mitzugestalten.<br \/>\nRaum f\u00fcr Ihre Ideen, wir brauchen Sie!<br \/>\nWeiterbildungsm\u00f6glichkeiten<br \/>\nGute Reisekostenpauschale, Laptop und Handy<br \/>\nAngemessene Verg\u00fctung<br \/>\nM\u00f6glichkeit einer Festanstellung<br \/>\nVerg\u00fctung nach Tarifvertrag<\/p>\n<p><strong><strong><strong><strong>Interessiert?<\/strong><\/strong><\/strong><\/strong><br \/>\nIst Ihr Beruf Teil Ihrer Leidenschaft? Glauben Sie, dass Autonomie eine Revolution bewirken kann? Sind Sie \u00fcberzeugt, dass Sie sich einbringen und unser Team bereichern k\u00f6nnen?<br \/>\nDann \u00fcberzeugen Sie uns und lassen Sie uns wissen, was Sie zu unserer Mission beitragen k\u00f6nnen!<br \/>\nSenden Sie Ihre Bewerbung an die folgende Adresse: <a href=\"mailto:career@agxeed.com\">career@agxeed.com<\/a> oder direkt an den Personalverantwortlichen Arjan Mulder<\/p>\n<p><em><em>Akquise als Reaktion auf diese Stellenausschreibung ist nicht erw\u00fcnscht.<\/em><\/em><\/p>\n","protected":false},"author":2,"featured_media":0,"parent":0,"menu_order":0,"comment_status":"closed","ping_status":"closed","template":"","meta":{"_acf_changed":false,"content-type":"","site-sidebar-layout":"no-sidebar","site-content-layout":"","ast-site-content-layout":"full-width-container","site-content-style":"default","site-sidebar-style":"default","ast-global-header-display":"","ast-banner-title-visibility":"","ast-main-header-display":"","ast-hfb-above-header-display":"","ast-hfb-below-header-display":"","ast-hfb-mobile-header-display":"","site-post-title":"","ast-breadcrumbs-content":"","ast-featured-img":"disabled","footer-sml-layout":"","ast-disable-related-posts":"","theme-transparent-header-meta":"","adv-header-id-meta":"","stick-header-meta":"","header-above-stick-meta":"","header-main-stick-meta":"","header-below-stick-meta":"","astra-migrate-meta-layouts":"default","ast-page-background-enabled":"default","ast-page-background-meta":{"desktop":{"background-color":"var(--ast-global-color-4)","background-image":"","background-repeat":"repeat","background-position":"center center","background-size":"auto","background-attachment":"scroll","background-type":"","background-media":"","overlay-type":"","overlay-color":"","overlay-opacity":"","overlay-gradient":""},"tablet":{"background-color":"","background-image":"","background-repeat":"repeat","background-position":"center center","background-size":"auto","background-attachment":"scroll","background-type":"","background-media":"","overlay-type":"","overlay-color":"","overlay-opacity":"","overlay-gradient":""},"mobile":{"background-color":"","background-image":"","background-repeat":"repeat","background-position":"center center","background-size":"auto","background-attachment":"scroll","background-type":"","background-media":"","overlay-type":"","overlay-color":"","overlay-opacity":"","overlay-gradient":""}},"ast-content-background-meta":{"desktop":{"background-color":"var(--ast-global-color-5)","background-image":"","background-repeat":"repeat","background-position":"center center","background-size":"auto","background-attachment":"scroll","background-type":"","background-media":"","overlay-type":"","overlay-color":"","overlay-opacity":"","overlay-gradient":""},"tablet":{"background-color":"var(--ast-global-color-5)","background-image":"","background-repeat":"repeat","background-position":"center center","background-size":"auto","background-attachment":"scroll","background-type":"","background-media":"","overlay-type":"","overlay-color":"","overlay-opacity":"","overlay-gradient":""},"mobile":{"background-color":"var(--ast-global-color-5)","background-image":"","background-repeat":"repeat","background-position":"center center","background-size":"auto","background-attachment":"scroll","background-type":"","background-media":"","overlay-type":"","overlay-color":"","overlay-opacity":"","overlay-gradient":""}},"footnotes":""},"class_list":["post-5060","page","type-page","status-publish","hentry"],"acf":[],"publishpress_future_workflow_manual_trigger":{"enabledWorkflows":[]},"_links":{"self":[{"href":"https:\/\/www.agxeed.com\/de\/wp-json\/wp\/v2\/pages\/5060","targetHints":{"allow":["GET"]}}],"collection":[{"href":"https:\/\/www.agxeed.com\/de\/wp-json\/wp\/v2\/pages"}],"about":[{"href":"https:\/\/www.agxeed.com\/de\/wp-json\/wp\/v2\/types\/page"}],"author":[{"embeddable":true,"href":"https:\/\/www.agxeed.com\/de\/wp-json\/wp\/v2\/users\/2"}],"replies":[{"embeddable":true,"href":"https:\/\/www.agxeed.com\/de\/wp-json\/wp\/v2\/comments?post=5060"}],"version-history":[{"count":2,"href":"https:\/\/www.agxeed.com\/de\/wp-json\/wp\/v2\/pages\/5060\/revisions"}],"predecessor-version":[{"id":7708,"href":"https:\/\/www.agxeed.com\/de\/wp-json\/wp\/v2\/pages\/5060\/revisions\/7708"}],"wp:attachment":[{"href":"https:\/\/www.agxeed.com\/de\/wp-json\/wp\/v2\/media?parent=5060"}],"curies":[{"name":"wp","href":"https:\/\/api.w.org\/{rel}","templated":true}]}}