{"id":4889,"date":"2025-10-14T16:56:22","date_gmt":"2025-10-14T14:56:22","guid":{"rendered":"https:\/\/www.agxeed.com\/solutions\/agbots\/"},"modified":"2026-03-20T14:38:20","modified_gmt":"2026-03-20T13:38:20","slug":"agbots","status":"publish","type":"page","link":"https:\/\/www.agxeed.com\/fr\/solutions\/agbots\/","title":{"rendered":"AgBots"},"content":{"rendered":"\t\t<div data-elementor-type=\"wp-page\" data-elementor-id=\"4889\" class=\"elementor elementor-4889 elementor-1001\" data-elementor-post-type=\"page\">\n\t\t\t\t<div class=\"elementor-element elementor-element-6c068f3 e-flex e-con-boxed e-con e-parent\" data-id=\"6c068f3\" data-element_type=\"container\" data-e-type=\"container\" data-settings=\"{&quot;background_background&quot;:&quot;classic&quot;}\">\n\t\t\t\t\t<div class=\"e-con-inner\">\n\t\t<div class=\"elementor-element elementor-element-59fcb07 e-con-full e-flex e-con e-child\" data-id=\"59fcb07\" data-element_type=\"container\" data-e-type=\"container\">\n\t\t\t\t<div class=\"elementor-element elementor-element-17e4464 elementor-widget elementor-widget-heading\" data-id=\"17e4464\" data-element_type=\"widget\" data-e-type=\"widget\" data-widget_type=\"heading.default\">\n\t\t\t\t<div class=\"elementor-widget-container\">\n\t\t\t\t\t<h1 class=\"elementor-heading-title elementor-size-default\">Agbots<\/h1>\t\t\t\t<\/div>\n\t\t\t\t<\/div>\n\t\t\t\t<div class=\"elementor-element elementor-element-30d4c8f elementor-widget elementor-widget-heading\" data-id=\"30d4c8f\" data-element_type=\"widget\" data-e-type=\"widget\" data-widget_type=\"heading.default\">\n\t\t\t\t<div class=\"elementor-widget-container\">\n\t\t\t\t\t<h2 class=\"elementor-heading-title elementor-size-default\">Nos h\u00e9ros<\/h2>\t\t\t\t<\/div>\n\t\t\t\t<\/div>\n\t\t\t\t<\/div>\n\t\t<div class=\"elementor-element elementor-element-564ffb1 e-con-full e-flex e-con e-child\" data-id=\"564ffb1\" data-element_type=\"container\" data-e-type=\"container\">\n\t\t\t\t<div class=\"elementor-element elementor-element-e846f42 elementor-absolute elementor-widget elementor-widget-image\" data-id=\"e846f42\" data-element_type=\"widget\" data-e-type=\"widget\" data-settings=\"{&quot;_position&quot;:&quot;absolute&quot;}\" data-widget_type=\"image.default\">\n\t\t\t\t<div class=\"elementor-widget-container\">\n\t\t\t\t\t\t\t\t\t\t\t\t\t\t\t<img fetchpriority=\"high\" decoding=\"async\" width=\"635\" height=\"302\" src=\"https:\/\/www.agxeed.com\/wp-content\/uploads\/2025\/10\/lijn-pijl-agxeed-up.webp\" class=\"attachment-large size-large wp-image-4793\" alt=\"\" srcset=\"https:\/\/www.agxeed.com\/wp-content\/uploads\/2025\/10\/lijn-pijl-agxeed-up.webp 635w, https:\/\/www.agxeed.com\/wp-content\/uploads\/2025\/10\/lijn-pijl-agxeed-up-300x143.webp 300w\" sizes=\"(max-width: 635px) 100vw, 635px\" \/>\t\t\t\t\t\t\t\t\t\t\t\t\t\t\t<\/div>\n\t\t\t\t<\/div>\n\t\t\t\t<\/div>\n\t\t\t\t\t<\/div>\n\t\t\t\t<\/div>\n\t\t<div class=\"elementor-element elementor-element-541a543 e-flex e-con-boxed e-con e-parent\" data-id=\"541a543\" data-element_type=\"container\" data-e-type=\"container\" data-settings=\"{&quot;background_background&quot;:&quot;classic&quot;}\">\n\t\t\t\t\t<div class=\"e-con-inner\">\n\t\t<div class=\"elementor-element elementor-element-b2cfa99 e-con-full e-flex e-con e-child\" data-id=\"b2cfa99\" data-element_type=\"container\" data-e-type=\"container\">\n\t\t\t\t<div class=\"elementor-element elementor-element-adcbe09 elementor-widget elementor-widget-heading\" data-id=\"adcbe09\" data-element_type=\"widget\" data-e-type=\"widget\" data-widget_type=\"heading.default\">\n\t\t\t\t<div class=\"elementor-widget-container\">\n\t\t\t\t\t<h2 class=\"elementor-heading-title elementor-size-default\">T2 <sub>5 SERIES<\/sub>\n<\/h2>\t\t\t\t<\/div>\n\t\t\t\t<\/div>\n\t\t\t\t<div class=\"elementor-element elementor-element-88a3df2 elementor-widget elementor-widget-text-editor\" data-id=\"88a3df2\" data-element_type=\"widget\" data-e-type=\"widget\" data-widget_type=\"text-editor.default\">\n\t\t\t\t<div class=\"elementor-widget-container\">\n\t\t\t\t\t\t\t\t\t<p>Con\u00e7u pour les travaux \u00e0 haute capacit\u00e9 sur de vastes terres arables, l&rsquo;AgBot T2 <sub>5 SERIES<\/sub> combine une puissante motorisation diesel-\u00e9lectrique avec des chenilles pr\u00e9servant le sol pour une pr\u00e9cision et des performances optimales.<\/p><p>Int\u00e9gr\u00e9 \u00e0 TraXwise et enti\u00e8rement connect\u00e9, il transforme chaque t\u00e2che, du semis \u00e0 la culture, en un processus fiable et automatis\u00e9.<\/p>\t\t\t\t\t\t\t\t<\/div>\n\t\t\t\t<\/div>\n\t\t\t\t<div class=\"elementor-element elementor-element-7175fd0 elementor-widget elementor-widget-button\" data-id=\"7175fd0\" data-element_type=\"widget\" data-e-type=\"widget\" data-widget_type=\"button.default\">\n\t\t\t\t<div class=\"elementor-widget-container\">\n\t\t\t\t\t\t\t\t\t<div class=\"elementor-button-wrapper\">\n\t\t\t\t\t<a class=\"elementor-button elementor-button-link elementor-size-sm\" href=\"https:\/\/www.agxeed.com\/fr\/solutions\/agbots\/agbot-t2-5-series\/\" target=\"_blank\">\n\t\t\t\t\t\t<span class=\"elementor-button-content-wrapper\">\n\t\t\t\t\t\t\t\t\t<span class=\"elementor-button-text\">T2 <sub>5 SERIES<\/sub><\/span>\n\t\t\t\t\t<\/span>\n\t\t\t\t\t<\/a>\n\t\t\t\t<\/div>\n\t\t\t\t\t\t\t\t<\/div>\n\t\t\t\t<\/div>\n\t\t\t\t<\/div>\n\t\t<div class=\"elementor-element elementor-element-55c42ae e-con-full e-flex e-con e-child\" data-id=\"55c42ae\" data-element_type=\"container\" data-e-type=\"container\">\n\t\t\t\t<div class=\"elementor-element elementor-element-f711da5 elementor-widget elementor-widget-image\" data-id=\"f711da5\" data-element_type=\"widget\" data-e-type=\"widget\" data-widget_type=\"image.default\">\n\t\t\t\t<div class=\"elementor-widget-container\">\n\t\t\t\t\t\t\t\t\t\t\t\t\t\t\t<img decoding=\"async\" width=\"768\" height=\"498\" src=\"https:\/\/www.agxeed.com\/wp-content\/uploads\/2025\/09\/agxeed_agbot-768x498.webp\" class=\"attachment-medium_large size-medium_large wp-image-4853\" alt=\"\" srcset=\"https:\/\/www.agxeed.com\/wp-content\/uploads\/2025\/09\/agxeed_agbot-768x498.webp 768w, https:\/\/www.agxeed.com\/wp-content\/uploads\/2025\/09\/agxeed_agbot-300x194.webp 300w, https:\/\/www.agxeed.com\/wp-content\/uploads\/2025\/09\/agxeed_agbot-1024x664.webp 1024w, https:\/\/www.agxeed.com\/wp-content\/uploads\/2025\/09\/agxeed_agbot.webp 1080w\" sizes=\"(max-width: 768px) 100vw, 768px\" \/>\t\t\t\t\t\t\t\t\t\t\t\t\t\t\t<\/div>\n\t\t\t\t<\/div>\n\t\t\t\t<\/div>\n\t\t\t\t\t<\/div>\n\t\t\t\t<\/div>\n\t\t<div class=\"elementor-element elementor-element-cf84614 e-flex e-con-boxed e-con e-parent\" data-id=\"cf84614\" data-element_type=\"container\" data-e-type=\"container\">\n\t\t\t\t\t<div class=\"e-con-inner\">\n\t\t<div class=\"elementor-element elementor-element-e7ae629 e-con-full e-flex e-con e-child\" data-id=\"e7ae629\" data-element_type=\"container\" data-e-type=\"container\">\n\t\t\t\t<div class=\"elementor-element elementor-element-e25cb2d elementor-widget elementor-widget-image\" data-id=\"e25cb2d\" data-element_type=\"widget\" data-e-type=\"widget\" data-widget_type=\"image.default\">\n\t\t\t\t<div class=\"elementor-widget-container\">\n\t\t\t\t\t\t\t\t\t\t\t\t\t\t\t<img decoding=\"async\" width=\"768\" height=\"468\" src=\"https:\/\/www.agxeed.com\/wp-content\/uploads\/2025\/11\/T2-7-SERIES-product-page-e1762374279586-768x468.png\" class=\"attachment-medium_large size-medium_large wp-image-4893\" alt=\"\" srcset=\"https:\/\/www.agxeed.com\/wp-content\/uploads\/2025\/11\/T2-7-SERIES-product-page-e1762374279586-768x468.png 768w, https:\/\/www.agxeed.com\/wp-content\/uploads\/2025\/11\/T2-7-SERIES-product-page-e1762374279586-300x183.png 300w, https:\/\/www.agxeed.com\/wp-content\/uploads\/2025\/11\/T2-7-SERIES-product-page-e1762374279586-1024x624.png 1024w, https:\/\/www.agxeed.com\/wp-content\/uploads\/2025\/11\/T2-7-SERIES-product-page-e1762374279586-1536x937.png 1536w, https:\/\/www.agxeed.com\/wp-content\/uploads\/2025\/11\/T2-7-SERIES-product-page-e1762374279586.png 1748w\" sizes=\"(max-width: 768px) 100vw, 768px\" \/>\t\t\t\t\t\t\t\t\t\t\t\t\t\t\t<\/div>\n\t\t\t\t<\/div>\n\t\t\t\t<\/div>\n\t\t<div class=\"elementor-element elementor-element-8574f7f e-con-full e-flex e-con e-child\" data-id=\"8574f7f\" data-element_type=\"container\" data-e-type=\"container\">\n\t\t\t\t<div class=\"elementor-element elementor-element-49932bd elementor-widget elementor-widget-heading\" data-id=\"49932bd\" data-element_type=\"widget\" data-e-type=\"widget\" data-widget_type=\"heading.default\">\n\t\t\t\t<div class=\"elementor-widget-container\">\n\t\t\t\t\t<h2 class=\"elementor-heading-title elementor-size-default\">T2 <sub>7 SERIES<\/sub>\n<\/h2>\t\t\t\t<\/div>\n\t\t\t\t<\/div>\n\t\t\t\t<div class=\"elementor-element elementor-element-1ef2b27 elementor-widget elementor-widget-text-editor\" data-id=\"1ef2b27\" data-element_type=\"widget\" data-e-type=\"widget\" data-widget_type=\"text-editor.default\">\n\t\t\t\t<div class=\"elementor-widget-container\">\n\t\t\t\t\t\t\t\t\t<p>L&rsquo;AgXeed T2 <sub>7 SERIES<\/sub> combine 230 ch avec un fonctionnement autonome et une pression au sol ultra-faible, offrant une agriculture plus intelligente et durable avec moins de main-d&rsquo;\u0153uvre.<\/p><p>Int\u00e9gr\u00e9 \u00e0 TraXwise et enti\u00e8rement connect\u00e9, il transforme chaque t\u00e2che, du semis \u00e0 la culture, en un processus fiable et automatis\u00e9.<\/p>\t\t\t\t\t\t\t\t<\/div>\n\t\t\t\t<\/div>\n\t\t\t\t<div class=\"elementor-element elementor-element-dae24b5 elementor-widget elementor-widget-button\" data-id=\"dae24b5\" data-element_type=\"widget\" data-e-type=\"widget\" data-widget_type=\"button.default\">\n\t\t\t\t<div class=\"elementor-widget-container\">\n\t\t\t\t\t\t\t\t\t<div class=\"elementor-button-wrapper\">\n\t\t\t\t\t<a class=\"elementor-button elementor-button-link elementor-size-sm\" href=\"https:\/\/www.agxeed.com\/fr\/solutions\/agbots\/agbot-t2-7-series\/\" target=\"_blank\">\n\t\t\t\t\t\t<span class=\"elementor-button-content-wrapper\">\n\t\t\t\t\t\t\t\t\t<span class=\"elementor-button-text\">T2 <sub>7 SERIES<\/sub><\/span>\n\t\t\t\t\t<\/span>\n\t\t\t\t\t<\/a>\n\t\t\t\t<\/div>\n\t\t\t\t\t\t\t\t<\/div>\n\t\t\t\t<\/div>\n\t\t\t\t<\/div>\n\t\t\t\t\t<\/div>\n\t\t\t\t<\/div>\n\t\t<div class=\"elementor-element elementor-element-2a9264e e-flex e-con-boxed e-con e-parent\" data-id=\"2a9264e\" data-element_type=\"container\" data-e-type=\"container\" data-settings=\"{&quot;background_background&quot;:&quot;classic&quot;}\">\n\t\t\t\t\t<div class=\"e-con-inner\">\n\t\t<div class=\"elementor-element elementor-element-ce66416 e-con-full e-flex e-con e-child\" data-id=\"ce66416\" data-element_type=\"container\" data-e-type=\"container\">\n\t\t\t\t<div class=\"elementor-element elementor-element-6655fe0 elementor-widget elementor-widget-heading\" data-id=\"6655fe0\" data-element_type=\"widget\" data-e-type=\"widget\" data-widget_type=\"heading.default\">\n\t\t\t\t<div class=\"elementor-widget-container\">\n\t\t\t\t\t<h2 class=\"elementor-heading-title elementor-size-default\">W3 <sub>2 SERIES<\/sub>\n<\/h2>\t\t\t\t<\/div>\n\t\t\t\t<\/div>\n\t\t\t\t<div class=\"elementor-element elementor-element-c24d789 elementor-widget elementor-widget-text-editor\" data-id=\"c24d789\" data-element_type=\"widget\" data-e-type=\"widget\" data-widget_type=\"text-editor.default\">\n\t\t\t\t<div class=\"elementor-widget-container\">\n\t\t\t\t\t\t\t\t\t<p>Pour les cultures \u00e0 haute valeur ajout\u00e9e comme les pommes et les poires, la pr\u00e9cision et le soin sont primordiaux. Le W3 est con\u00e7u pour les vergers et les p\u00e9pini\u00e8res, avec un poids r\u00e9duit et une autonomie intelligente qui maintient les cultures et le sol en excellente condition. <\/p><p>Int\u00e9gr\u00e9 \u00e0 TraXwise et enti\u00e8rement connect\u00e9, il transforme chaque t\u00e2che, du semis \u00e0 la culture, en un processus fiable et automatis\u00e9.<\/p>\t\t\t\t\t\t\t\t<\/div>\n\t\t\t\t<\/div>\n\t\t\t\t<div class=\"elementor-element elementor-element-008d577 elementor-widget elementor-widget-button\" data-id=\"008d577\" data-element_type=\"widget\" data-e-type=\"widget\" data-widget_type=\"button.default\">\n\t\t\t\t<div class=\"elementor-widget-container\">\n\t\t\t\t\t\t\t\t\t<div class=\"elementor-button-wrapper\">\n\t\t\t\t\t<a class=\"elementor-button elementor-button-link elementor-size-sm\" href=\"https:\/\/www.agxeed.com\/fr\/solutions\/agbots\/serie-agbot-w3\/\" target=\"_blank\">\n\t\t\t\t\t\t<span class=\"elementor-button-content-wrapper\">\n\t\t\t\t\t\t\t\t\t<span class=\"elementor-button-text\">W3 <sub>2 SERIES<\/sub><\/span>\n\t\t\t\t\t<\/span>\n\t\t\t\t\t<\/a>\n\t\t\t\t<\/div>\n\t\t\t\t\t\t\t\t<\/div>\n\t\t\t\t<\/div>\n\t\t\t\t<\/div>\n\t\t<div class=\"elementor-element elementor-element-45816b3 e-con-full e-flex e-con e-child\" data-id=\"45816b3\" data-element_type=\"container\" data-e-type=\"container\">\n\t\t\t\t<div class=\"elementor-element elementor-element-f3b7a05 elementor-widget elementor-widget-image\" data-id=\"f3b7a05\" data-element_type=\"widget\" data-e-type=\"widget\" data-widget_type=\"image.default\">\n\t\t\t\t<div class=\"elementor-widget-container\">\n\t\t\t\t\t\t\t\t\t\t\t\t\t\t\t<img loading=\"lazy\" decoding=\"async\" width=\"1024\" height=\"462\" src=\"https:\/\/www.agxeed.com\/wp-content\/uploads\/2025\/10\/W3-render-new-header_w-1024x462.png\" class=\"attachment-large size-large wp-image-4847\" alt=\"\" srcset=\"https:\/\/www.agxeed.com\/wp-content\/uploads\/2025\/10\/W3-render-new-header_w-1024x462.png 1024w, https:\/\/www.agxeed.com\/wp-content\/uploads\/2025\/10\/W3-render-new-header_w-300x135.png 300w, https:\/\/www.agxeed.com\/wp-content\/uploads\/2025\/10\/W3-render-new-header_w-768x347.png 768w, https:\/\/www.agxeed.com\/wp-content\/uploads\/2025\/10\/W3-render-new-header_w-1536x693.png 1536w, https:\/\/www.agxeed.com\/wp-content\/uploads\/2025\/10\/W3-render-new-header_w.png 1622w\" sizes=\"(max-width: 1024px) 100vw, 1024px\" \/>\t\t\t\t\t\t\t\t\t\t\t\t\t\t\t<\/div>\n\t\t\t\t<\/div>\n\t\t\t\t<\/div>\n\t\t\t\t\t<\/div>\n\t\t\t\t<\/div>\n\t\t<div class=\"elementor-element elementor-element-7f1ceb4 e-flex e-con-boxed e-con e-parent\" data-id=\"7f1ceb4\" data-element_type=\"container\" data-e-type=\"container\">\n\t\t\t\t\t<div class=\"e-con-inner\">\n\t\t<div class=\"elementor-element elementor-element-e0215d8 e-con-full e-flex e-con e-child\" data-id=\"e0215d8\" data-element_type=\"container\" data-e-type=\"container\">\n\t\t\t\t<div class=\"elementor-element elementor-element-a31672a elementor-widget elementor-widget-image\" data-id=\"a31672a\" data-element_type=\"widget\" data-e-type=\"widget\" data-widget_type=\"image.default\">\n\t\t\t\t<div class=\"elementor-widget-container\">\n\t\t\t\t\t\t\t\t\t\t\t\t\t\t\t<img loading=\"lazy\" decoding=\"async\" width=\"1000\" height=\"398\" src=\"https:\/\/www.agxeed.com\/wp-content\/uploads\/2025\/10\/Agbot-w4-2-series-AgXeed-1.webp\" class=\"attachment-large size-large wp-image-4821\" alt=\"\" srcset=\"https:\/\/www.agxeed.com\/wp-content\/uploads\/2025\/10\/Agbot-w4-2-series-AgXeed-1.webp 1000w, https:\/\/www.agxeed.com\/wp-content\/uploads\/2025\/10\/Agbot-w4-2-series-AgXeed-1-300x119.webp 300w, https:\/\/www.agxeed.com\/wp-content\/uploads\/2025\/10\/Agbot-w4-2-series-AgXeed-1-768x306.webp 768w\" sizes=\"(max-width: 1000px) 100vw, 1000px\" \/>\t\t\t\t\t\t\t\t\t\t\t\t\t\t\t<\/div>\n\t\t\t\t<\/div>\n\t\t\t\t<\/div>\n\t\t<div class=\"elementor-element elementor-element-6173d6a e-con-full e-flex e-con e-child\" data-id=\"6173d6a\" data-element_type=\"container\" data-e-type=\"container\">\n\t\t\t\t<div class=\"elementor-element elementor-element-a152b13 elementor-widget elementor-widget-heading\" data-id=\"a152b13\" data-element_type=\"widget\" data-e-type=\"widget\" data-widget_type=\"heading.default\">\n\t\t\t\t<div class=\"elementor-widget-container\">\n\t\t\t\t\t<h2 class=\"elementor-heading-title elementor-size-default\">W4 <sub>2 SERIES<\/sub>\n<\/h2>\t\t\t\t<\/div>\n\t\t\t\t<\/div>\n\t\t\t\t<div class=\"elementor-element elementor-element-9a3a341 elementor-widget elementor-widget-text-editor\" data-id=\"9a3a341\" data-element_type=\"widget\" data-e-type=\"widget\" data-widget_type=\"text-editor.default\">\n\t\t\t\t<div class=\"elementor-widget-container\">\n\t\t\t\t\t\t\t\t\t<p>Pour le travail du sol l\u00e9ger, l&rsquo;entretien des cultures et les cultures sp\u00e9cialis\u00e9es, le W4 offre flexibilit\u00e9 et efficacit\u00e9. De l&rsquo;entretien des prairies \u00e0 la culture en planches pour les fleurs, les bulbes et les herbes aromatiques, le W4 allie autonomie et pr\u00e9cision pour maintenir le sol, les cultures et l&rsquo;exploitation en excellent \u00e9tat. <\/p>\t\t\t\t\t\t\t\t<\/div>\n\t\t\t\t<\/div>\n\t\t\t\t<div class=\"elementor-element elementor-element-d4fadb5 elementor-widget elementor-widget-button\" data-id=\"d4fadb5\" data-element_type=\"widget\" data-e-type=\"widget\" data-widget_type=\"button.default\">\n\t\t\t\t<div class=\"elementor-widget-container\">\n\t\t\t\t\t\t\t\t\t<div class=\"elementor-button-wrapper\">\n\t\t\t\t\t<a class=\"elementor-button elementor-button-link elementor-size-sm\" href=\"https:\/\/www.agxeed.com\/fr\/solutions\/agbots\/agbot-serie-w4\/\" target=\"_blank\">\n\t\t\t\t\t\t<span class=\"elementor-button-content-wrapper\">\n\t\t\t\t\t\t\t\t\t<span class=\"elementor-button-text\">W4 <sub>2 SERIES<\/sub><\/span>\n\t\t\t\t\t<\/span>\n\t\t\t\t\t<\/a>\n\t\t\t\t<\/div>\n\t\t\t\t\t\t\t\t<\/div>\n\t\t\t\t<\/div>\n\t\t\t\t<\/div>\n\t\t\t\t\t<\/div>\n\t\t\t\t<\/div>\n\t\t\t\t<\/div>\n\t\t","protected":false},"excerpt":{"rendered":"<p>Agbots<br \/>\nNos h\u00e9ros<\/p>\n<p>T2 <sub>5 SERIES<\/sub><\/p>\n<p>Con\u00e7u pour les travaux \u00e0 haute capacit\u00e9 sur de vastes terres arables, l&rsquo;AgBot T2 <sub>5 SERIES<\/sub> combine une puissante motorisation diesel-\u00e9lectrique avec des chenilles pr\u00e9servant le sol pour une pr\u00e9cision et des performances optimales.<br \/>\nInt\u00e9gr\u00e9 \u00e0 TraXwise et enti\u00e8rement connect\u00e9, il transforme chaque t\u00e2che, du semis \u00e0 la culture, en un processus fiable et automatis\u00e9.<br \/>\n\t\t\t\t\t<a href=\"https:\/\/www.agxeed.com\/fr\/solutions\/agbots\/agbot-t2-5-series\/\" target=\"_blank\"><br \/>\n\t\t\t\t\t\t\t\t\tT2 <sub>5 SERIES<\/sub><br \/>\n\t\t\t\t\t<\/a><\/p>\n<p>T2 <sub>7 SERIES<\/sub><\/p>\n<p>L&rsquo;AgXeed T2 <sub>7 SERIES<\/sub> combine 230 ch avec un fonctionnement autonome et une pression au sol ultra-faible, offrant une agriculture plus intelligente et durable avec moins de main-d&rsquo;\u0153uvre.<br \/>\nInt\u00e9gr\u00e9 \u00e0 TraXwise et enti\u00e8rement connect\u00e9, il transforme chaque t\u00e2che, du semis \u00e0 la culture, en un processus fiable et automatis\u00e9.<br \/>\n\t\t\t\t\t<a href=\"https:\/\/www.agxeed.com\/fr\/solutions\/agbots\/agbot-t2-7-series\/\" target=\"_blank\"><br \/>\n\t\t\t\t\t\t\t\t\tT2 <sub>7 SERIES<\/sub><br \/>\n\t\t\t\t\t<\/a><br \/>\nW3 <sub>2 SERIES<\/sub><\/p>\n<p>Pour les cultures \u00e0 haute valeur ajout\u00e9e comme les pommes et les poires, la pr\u00e9cision et le soin sont primordiaux. Le W3 est con\u00e7u pour les vergers et les p\u00e9pini\u00e8res, avec un poids r\u00e9duit et une autonomie intelligente qui maintient les cultures et le sol en excellente condition.<br \/>\nInt\u00e9gr\u00e9 \u00e0 TraXwise et enti\u00e8rement connect\u00e9, il transforme chaque t\u00e2che, du semis \u00e0 la culture, en un processus fiable et automatis\u00e9.<br \/>\n\t\t\t\t\t<a href=\"https:\/\/www.agxeed.com\/fr\/solutions\/agbots\/serie-agbot-w3\/\" target=\"_blank\"><br \/>\n\t\t\t\t\t\t\t\t\tW3 <sub>2 SERIES<\/sub><br \/>\n\t\t\t\t\t<\/a><\/p>\n<p>W4 <sub>2 SERIES<\/sub><\/p>\n<p>Pour le travail du sol l\u00e9ger, l&rsquo;entretien des cultures et les cultures sp\u00e9cialis\u00e9es, le W4 offre flexibilit\u00e9 et efficacit\u00e9. De l&rsquo;entretien des prairies \u00e0 la culture en planches pour les fleurs, les bulbes et les herbes aromatiques, le W4 allie autonomie et pr\u00e9cision pour maintenir le sol, les cultures et l&rsquo;exploitation en excellent \u00e9tat.<br \/>\n\t\t\t\t\t<a href=\"https:\/\/www.agxeed.com\/fr\/solutions\/agbots\/agbot-serie-w4\/\" target=\"_blank\"><br \/>\n\t\t\t\t\t\t\t\t\tW4 <sub>2 SERIES<\/sub><br \/>\n\t\t\t\t\t<\/a><\/p>\n","protected":false},"author":1,"featured_media":0,"parent":4829,"menu_order":0,"comment_status":"closed","ping_status":"closed","template":"","meta":{"_acf_changed":false,"content-type":"","site-sidebar-layout":"no-sidebar","site-content-layout":"","ast-site-content-layout":"full-width-container","site-content-style":"default","site-sidebar-style":"default","ast-global-header-display":"","ast-banner-title-visibility":"","ast-main-header-display":"","ast-hfb-above-header-display":"","ast-hfb-below-header-display":"","ast-hfb-mobile-header-display":"","site-post-title":"","ast-breadcrumbs-content":"","ast-featured-img":"disabled","footer-sml-layout":"","ast-disable-related-posts":"","theme-transparent-header-meta":"","adv-header-id-meta":"","stick-header-meta":"","header-above-stick-meta":"","header-main-stick-meta":"","header-below-stick-meta":"","astra-migrate-meta-layouts":"default","ast-page-background-enabled":"default","ast-page-background-meta":{"desktop":{"background-color":"var(--ast-global-color-4)","background-image":"","background-repeat":"repeat","background-position":"center center","background-size":"auto","background-attachment":"scroll","background-type":"","background-media":"","overlay-type":"","overlay-color":"","overlay-opacity":"","overlay-gradient":""},"tablet":{"background-color":"","background-image":"","background-repeat":"repeat","background-position":"center center","background-size":"auto","background-attachment":"scroll","background-type":"","background-media":"","overlay-type":"","overlay-color":"","overlay-opacity":"","overlay-gradient":""},"mobile":{"background-color":"","background-image":"","background-repeat":"repeat","background-position":"center center","background-size":"auto","background-attachment":"scroll","background-type":"","background-media":"","overlay-type":"","overlay-color":"","overlay-opacity":"","overlay-gradient":""}},"ast-content-background-meta":{"desktop":{"background-color":"var(--ast-global-color-5)","background-image":"","background-repeat":"repeat","background-position":"center center","background-size":"auto","background-attachment":"scroll","background-type":"","background-media":"","overlay-type":"","overlay-color":"","overlay-opacity":"","overlay-gradient":""},"tablet":{"background-color":"var(--ast-global-color-5)","background-image":"","background-repeat":"repeat","background-position":"center center","background-size":"auto","background-attachment":"scroll","background-type":"","background-media":"","overlay-type":"","overlay-color":"","overlay-opacity":"","overlay-gradient":""},"mobile":{"background-color":"var(--ast-global-color-5)","background-image":"","background-repeat":"repeat","background-position":"center center","background-size":"auto","background-attachment":"scroll","background-type":"","background-media":"","overlay-type":"","overlay-color":"","overlay-opacity":"","overlay-gradient":""}},"footnotes":""},"class_list":["post-4889","page","type-page","status-publish","hentry"],"acf":[],"publishpress_future_workflow_manual_trigger":{"enabledWorkflows":[]},"_links":{"self":[{"href":"https:\/\/www.agxeed.com\/fr\/wp-json\/wp\/v2\/pages\/4889","targetHints":{"allow":["GET"]}}],"collection":[{"href":"https:\/\/www.agxeed.com\/fr\/wp-json\/wp\/v2\/pages"}],"about":[{"href":"https:\/\/www.agxeed.com\/fr\/wp-json\/wp\/v2\/types\/page"}],"author":[{"embeddable":true,"href":"https:\/\/www.agxeed.com\/fr\/wp-json\/wp\/v2\/users\/1"}],"replies":[{"embeddable":true,"href":"https:\/\/www.agxeed.com\/fr\/wp-json\/wp\/v2\/comments?post=4889"}],"version-history":[{"count":2,"href":"https:\/\/www.agxeed.com\/fr\/wp-json\/wp\/v2\/pages\/4889\/revisions"}],"predecessor-version":[{"id":7638,"href":"https:\/\/www.agxeed.com\/fr\/wp-json\/wp\/v2\/pages\/4889\/revisions\/7638"}],"up":[{"embeddable":true,"href":"https:\/\/www.agxeed.com\/fr\/wp-json\/wp\/v2\/pages\/4829"}],"wp:attachment":[{"href":"https:\/\/www.agxeed.com\/fr\/wp-json\/wp\/v2\/media?parent=4889"}],"curies":[{"name":"wp","href":"https:\/\/api.w.org\/{rel}","templated":true}]}}