{"id":5164,"date":"2025-10-23T16:32:36","date_gmt":"2025-10-23T14:32:36","guid":{"rendered":"https:\/\/www.agxeed.com\/carriere\/"},"modified":"2026-03-20T15:11:58","modified_gmt":"2026-03-20T14:11:58","slug":"carriere","status":"publish","type":"page","link":"https:\/\/www.agxeed.com\/fr\/carriere\/","title":{"rendered":"Carri\u00e8re"},"content":{"rendered":"\t\t<div data-elementor-type=\"wp-page\" data-elementor-id=\"5164\" class=\"elementor elementor-5164 elementor-2617\" data-elementor-post-type=\"page\">\n\t\t\t\t<div class=\"elementor-element elementor-element-19db039 e-flex e-con-boxed e-con e-parent\" data-id=\"19db039\" data-element_type=\"container\" data-e-type=\"container\">\n\t\t\t\t\t<div class=\"e-con-inner\">\n\t\t\t\t<div class=\"elementor-element elementor-element-ac8a64f elementor-widget elementor-widget-heading\" data-id=\"ac8a64f\" data-element_type=\"widget\" data-e-type=\"widget\" data-widget_type=\"heading.default\">\n\t\t\t\t<div class=\"elementor-widget-container\">\n\t\t\t\t\t<h1 class=\"elementor-heading-title elementor-size-default\">Carri\u00e8re<\/h1>\t\t\t\t<\/div>\n\t\t\t\t<\/div>\n\t\t\t\t\t<\/div>\n\t\t\t\t<\/div>\n\t\t<div class=\"elementor-element elementor-element-4ad4ff7 e-flex e-con-boxed e-con e-parent\" data-id=\"4ad4ff7\" data-element_type=\"container\" data-e-type=\"container\">\n\t\t\t\t\t<div class=\"e-con-inner\">\n\t\t\t\t<div class=\"elementor-element elementor-element-93d30ce elementor-grid-2 elementor-grid-tablet-2 elementor-grid-mobile-1 elementor-widget elementor-widget-loop-grid\" data-id=\"93d30ce\" data-element_type=\"widget\" data-e-type=\"widget\" data-settings=\"{&quot;template_id&quot;:5348,&quot;columns&quot;:2,&quot;_skin&quot;:&quot;post&quot;,&quot;columns_tablet&quot;:&quot;2&quot;,&quot;columns_mobile&quot;:&quot;1&quot;,&quot;edit_handle_selector&quot;:&quot;[data-elementor-type=\\&quot;loop-item\\&quot;]&quot;,&quot;row_gap&quot;:{&quot;unit&quot;:&quot;px&quot;,&quot;size&quot;:&quot;&quot;,&quot;sizes&quot;:[]},&quot;row_gap_tablet&quot;:{&quot;unit&quot;:&quot;px&quot;,&quot;size&quot;:&quot;&quot;,&quot;sizes&quot;:[]},&quot;row_gap_mobile&quot;:{&quot;unit&quot;:&quot;px&quot;,&quot;size&quot;:&quot;&quot;,&quot;sizes&quot;:[]}}\" data-widget_type=\"loop-grid.post\">\n\t\t\t\t<div class=\"elementor-widget-container\">\n\t\t\t\t\t\t\t<div class=\"elementor-loop-container elementor-grid\" role=\"list\">\n\t\t<style id=\"loop-5348\">.elementor-5348 .elementor-element.elementor-element-8186db5{--display:flex;--gap:0px 0px;--row-gap:0px;--column-gap:0px;border-style:solid;--border-style:solid;border-width:1px 1px 1px 1px;--border-top-width:1px;--border-right-width:1px;--border-bottom-width:1px;--border-left-width:1px;border-color:var( --e-global-color-astglobalcolor7 );--border-color:var( --e-global-color-astglobalcolor7 );--padding-top:15px;--padding-bottom:15px;--padding-left:15px;--padding-right:15px;}.elementor-5348 .elementor-element.elementor-element-8186db5.e-con:hover{--e-con-transform-scale:1.02;}.elementor-5348 .elementor-element.elementor-element-d888b6d .elementor-heading-title{text-transform:uppercase;color:var( --e-global-color-astglobalcolor2 );}.elementor-5348 .elementor-element.elementor-element-964fbd8{font-weight:700;}.elementor-5348 .elementor-element.elementor-element-964fbd8 a{color:#000000;}.elementor-5348 .elementor-element.elementor-element-964fbd8 a:hover, .elementor-5348 .elementor-element.elementor-element-964fbd8 a:focus{color:#000000;}.elementor-5348 .elementor-element.elementor-element-112d7f8 .elementor-icon-wrapper{text-align:end;}.elementor-5348 .elementor-element.elementor-element-112d7f8 .elementor-icon{font-size:20px;}.elementor-5348 .elementor-element.elementor-element-112d7f8 .elementor-icon svg{height:20px;}.elementor-5348 .elementor-element.elementor-element-112d7f8 > .elementor-widget-container{margin:-25px 0px 0px 0px;}<\/style>\t\t<div data-elementor-type=\"loop-item\" data-elementor-id=\"5348\" class=\"elementor elementor-5348 elementor-2622 elementor-2622 e-loop-item e-loop-item-7281 post-7281 vacature type-vacature status-publish hentry\" data-elementor-post-type=\"elementor_library\" data-custom-edit-handle=\"1\">\n\t\t\t<a class=\"elementor-element elementor-element-8186db5 e-transform e-flex e-con-boxed e-con e-parent\" data-id=\"8186db5\" data-element_type=\"container\" data-e-type=\"container\" data-settings=\"{&quot;_transform_scale_effect_hover&quot;:{&quot;unit&quot;:&quot;px&quot;,&quot;size&quot;:1.02,&quot;sizes&quot;:[]},&quot;_transform_scale_effect_hover_tablet&quot;:{&quot;unit&quot;:&quot;px&quot;,&quot;size&quot;:&quot;&quot;,&quot;sizes&quot;:[]},&quot;_transform_scale_effect_hover_mobile&quot;:{&quot;unit&quot;:&quot;px&quot;,&quot;size&quot;:&quot;&quot;,&quot;sizes&quot;:[]}}\" href=\"https:\/\/www.agxeed.com\/fr\/vacature\/monteur-dassemblage\/\">\n\t\t\t\t\t<div class=\"e-con-inner\">\n\t\t\t\t<div class=\"elementor-element elementor-element-d888b6d elementor-widget elementor-widget-theme-post-title elementor-page-title elementor-widget-heading\" data-id=\"d888b6d\" data-element_type=\"widget\" data-e-type=\"widget\" data-widget_type=\"theme-post-title.default\">\n\t\t\t\t<div class=\"elementor-widget-container\">\n\t\t\t\t\t<h1 class=\"elementor-heading-title elementor-size-default\">AGENT D\u2019ASSEMBLAGE<\/h1>\t\t\t\t<\/div>\n\t\t\t\t<\/div>\n\t\t\t\t<div class=\"elementor-element elementor-element-964fbd8 elementor-widget elementor-widget-text-editor\" data-id=\"964fbd8\" data-element_type=\"widget\" data-e-type=\"widget\" data-widget_type=\"text-editor.default\">\n\t\t\t\t<div class=\"elementor-widget-container\">\n\t\t\t\t\t\t\t\t\tGrubbenvorst (NL)\t\t\t\t\t\t\t\t<\/div>\n\t\t\t\t<\/div>\n\t\t\t\t<div class=\"elementor-element elementor-element-76db240 elementor-widget elementor-widget-text-editor\" data-id=\"76db240\" data-element_type=\"widget\" data-e-type=\"widget\" data-widget_type=\"text-editor.default\">\n\t\t\t\t<div class=\"elementor-widget-container\">\n\t\t\t\t\t\t\t\t\t40 uur\t\t\t\t\t\t\t\t<\/div>\n\t\t\t\t<\/div>\n\t\t\t\t<div class=\"elementor-element elementor-element-112d7f8 elementor-view-default elementor-widget elementor-widget-icon\" data-id=\"112d7f8\" data-element_type=\"widget\" data-e-type=\"widget\" data-widget_type=\"icon.default\">\n\t\t\t\t<div class=\"elementor-widget-container\">\n\t\t\t\t\t\t\t<div class=\"elementor-icon-wrapper\">\n\t\t\t<div class=\"elementor-icon\">\n\t\t\t<svg xmlns=\"http:\/\/www.w3.org\/2000\/svg\" id=\"Laag_2\" viewBox=\"0 0 6.16 8.1\"><defs><style>.cls-1{fill:#5fb466;}<\/style><\/defs><g id=\"Laag_1-2\"><path class=\"cls-1\" d=\"M.14,5.75l1.7-1.7L.12,2.32c-.16-.16-.16-.32,0-.48L1.84.13c.18-.16.35-.17.5-.02l3.7,3.7c.16.16.16.33,0,.5l-3.67,3.67c-.16.16-.34.16-.53,0L.12,6.26c-.16-.15-.16-.32.02-.5H.14Z\"><\/path><\/g><\/svg>\t\t\t<\/div>\n\t\t<\/div>\n\t\t\t\t\t\t<\/div>\n\t\t\t\t<\/div>\n\t\t\t\t\t<\/div>\n\t\t\t\t<\/a>\n\t\t\t\t<\/div>\n\t\t\t\t<div data-elementor-type=\"loop-item\" data-elementor-id=\"5348\" class=\"elementor elementor-5348 elementor-2622 elementor-2622 e-loop-item e-loop-item-5572 post-5572 vacature type-vacature status-publish hentry\" data-elementor-post-type=\"elementor_library\" data-custom-edit-handle=\"1\">\n\t\t\t<a class=\"elementor-element elementor-element-8186db5 e-transform e-flex e-con-boxed e-con e-parent\" data-id=\"8186db5\" data-element_type=\"container\" data-e-type=\"container\" data-settings=\"{&quot;_transform_scale_effect_hover&quot;:{&quot;unit&quot;:&quot;px&quot;,&quot;size&quot;:1.02,&quot;sizes&quot;:[]},&quot;_transform_scale_effect_hover_tablet&quot;:{&quot;unit&quot;:&quot;px&quot;,&quot;size&quot;:&quot;&quot;,&quot;sizes&quot;:[]},&quot;_transform_scale_effect_hover_mobile&quot;:{&quot;unit&quot;:&quot;px&quot;,&quot;size&quot;:&quot;&quot;,&quot;sizes&quot;:[]}}\" href=\"https:\/\/www.agxeed.com\/fr\/vacature\/directeur-commercial-de\/\">\n\t\t\t\t\t<div class=\"e-con-inner\">\n\t\t\t\t<div class=\"elementor-element elementor-element-d888b6d elementor-widget elementor-widget-theme-post-title elementor-page-title elementor-widget-heading\" data-id=\"d888b6d\" data-element_type=\"widget\" data-e-type=\"widget\" data-widget_type=\"theme-post-title.default\">\n\t\t\t\t<div class=\"elementor-widget-container\">\n\t\t\t\t\t<h1 class=\"elementor-heading-title elementor-size-default\">Responsable des ventes Nord-est de l\u2019Allemagne<\/h1>\t\t\t\t<\/div>\n\t\t\t\t<\/div>\n\t\t\t\t<div class=\"elementor-element elementor-element-964fbd8 elementor-widget elementor-widget-text-editor\" data-id=\"964fbd8\" data-element_type=\"widget\" data-e-type=\"widget\" data-widget_type=\"text-editor.default\">\n\t\t\t\t<div class=\"elementor-widget-container\">\n\t\t\t\t\t\t\t\t\tRemote DE\t\t\t\t\t\t\t\t<\/div>\n\t\t\t\t<\/div>\n\t\t\t\t<div class=\"elementor-element elementor-element-76db240 elementor-widget elementor-widget-text-editor\" data-id=\"76db240\" data-element_type=\"widget\" data-e-type=\"widget\" data-widget_type=\"text-editor.default\">\n\t\t\t\t<div class=\"elementor-widget-container\">\n\t\t\t\t\t\t\t\t\t40 Stunden\t\t\t\t\t\t\t\t<\/div>\n\t\t\t\t<\/div>\n\t\t\t\t<div class=\"elementor-element elementor-element-112d7f8 elementor-view-default elementor-widget elementor-widget-icon\" data-id=\"112d7f8\" data-element_type=\"widget\" data-e-type=\"widget\" data-widget_type=\"icon.default\">\n\t\t\t\t<div class=\"elementor-widget-container\">\n\t\t\t\t\t\t\t<div class=\"elementor-icon-wrapper\">\n\t\t\t<div class=\"elementor-icon\">\n\t\t\t<svg xmlns=\"http:\/\/www.w3.org\/2000\/svg\" id=\"Laag_2\" viewBox=\"0 0 6.16 8.1\"><defs><style>.cls-1{fill:#5fb466;}<\/style><\/defs><g id=\"Laag_1-2\"><path class=\"cls-1\" d=\"M.14,5.75l1.7-1.7L.12,2.32c-.16-.16-.16-.32,0-.48L1.84.13c.18-.16.35-.17.5-.02l3.7,3.7c.16.16.16.33,0,.5l-3.67,3.67c-.16.16-.34.16-.53,0L.12,6.26c-.16-.15-.16-.32.02-.5H.14Z\"><\/path><\/g><\/svg>\t\t\t<\/div>\n\t\t<\/div>\n\t\t\t\t\t\t<\/div>\n\t\t\t\t<\/div>\n\t\t\t\t\t<\/div>\n\t\t\t\t<\/a>\n\t\t\t\t<\/div>\n\t\t\t\t<\/div>\n\t\t\n\t\t\t\t\t\t<\/div>\n\t\t\t\t<\/div>\n\t\t\t\t\t<\/div>\n\t\t\t\t<\/div>\n\t\t<div class=\"elementor-element elementor-element-6d3d7a9 e-flex e-con-boxed e-con e-parent\" data-id=\"6d3d7a9\" data-element_type=\"container\" data-e-type=\"container\">\n\t\t\t\t\t<div class=\"e-con-inner\">\n\t\t\t\t<div class=\"elementor-element elementor-element-4fcc2ea elementor-align-center elementor-widget elementor-widget-button\" data-id=\"4fcc2ea\" data-element_type=\"widget\" data-e-type=\"widget\" data-widget_type=\"button.default\">\n\t\t\t\t<div class=\"elementor-widget-container\">\n\t\t\t\t\t\t\t\t\t<div class=\"elementor-button-wrapper\">\n\t\t\t\t\t<a class=\"elementor-button elementor-button-link elementor-size-sm\" href=\"https:\/\/www.agxeed.com\/fr\/elementor-6592\/\">\n\t\t\t\t\t\t<span class=\"elementor-button-content-wrapper\">\n\t\t\t\t\t\t\t\t\t<span class=\"elementor-button-text\">Nous contacter<\/span>\n\t\t\t\t\t<\/span>\n\t\t\t\t\t<\/a>\n\t\t\t\t<\/div>\n\t\t\t\t\t\t\t\t<\/div>\n\t\t\t\t<\/div>\n\t\t\t\t\t<\/div>\n\t\t\t\t<\/div>\n\t\t<div class=\"elementor-element elementor-element-6a7f180 e-flex e-con-boxed e-con e-parent\" data-id=\"6a7f180\" data-element_type=\"container\" data-e-type=\"container\" data-settings=\"{&quot;background_background&quot;:&quot;classic&quot;}\">\n\t\t\t\t\t<div class=\"e-con-inner\">\n\t\t\t\t<div class=\"elementor-element elementor-element-1516353 elementor-widget elementor-widget-heading\" data-id=\"1516353\" data-element_type=\"widget\" data-e-type=\"widget\" data-widget_type=\"heading.default\">\n\t\t\t\t<div class=\"elementor-widget-container\">\n\t\t\t\t\t<h1 class=\"elementor-heading-title elementor-size-default\">Notre histoire<\/h1>\t\t\t\t<\/div>\n\t\t\t\t<\/div>\n\t\t\t\t<div class=\"elementor-element elementor-element-40127e7 elementor-widget elementor-widget-text-editor\" data-id=\"40127e7\" data-element_type=\"widget\" data-e-type=\"widget\" data-widget_type=\"text-editor.default\">\n\t\t\t\t<div class=\"elementor-widget-container\">\n\t\t\t\t\t\t\t\t\t<p>En seulement huit ans, AgXeed est pass\u00e9 d&rsquo;une id\u00e9e ambitieuse \u00e0 un partenaire de confiance pour les agriculteurs, fournissant des solutions autonomes \u00e9prouv\u00e9es qui fonctionnent sur le terrain aujourd&rsquo;hui.<\/p><p>Nos technologies rendent l&rsquo;autonomie pratique et fiable &#8211; des <strong>AgBots<\/strong> et de la plateforme intelligente TraXwise \u00e0 l&rsquo;<strong>Unit\u00e9 de Contr\u00f4le V\u00e9hicule (VCU)<\/strong> et \u00e0 l&rsquo;<strong>Unit\u00e9 de Contr\u00f4le Outil (TCU)<\/strong>, con\u00e7ues pour rendre les machines et outils existants plus intelligents.<\/p>\t\t\t\t\t\t\t\t<\/div>\n\t\t\t\t<\/div>\n\t\t\t\t<div class=\"elementor-element elementor-element-d419728 elementor-align-center elementor-widget elementor-widget-button\" data-id=\"d419728\" data-element_type=\"widget\" data-e-type=\"widget\" data-widget_type=\"button.default\">\n\t\t\t\t<div class=\"elementor-widget-container\">\n\t\t\t\t\t\t\t\t\t<div class=\"elementor-button-wrapper\">\n\t\t\t\t\t<a class=\"elementor-button elementor-button-link elementor-size-sm\" href=\"https:\/\/www.agxeed.com\/fr\/a-propos-dagxeed\/\">\n\t\t\t\t\t\t<span class=\"elementor-button-content-wrapper\">\n\t\t\t\t\t\t\t\t\t<span class=\"elementor-button-text\">En savoir plus sur nous<\/span>\n\t\t\t\t\t<\/span>\n\t\t\t\t\t<\/a>\n\t\t\t\t<\/div>\n\t\t\t\t\t\t\t\t<\/div>\n\t\t\t\t<\/div>\n\t\t\t\t\t<\/div>\n\t\t\t\t<\/div>\n\t\t\t\t<\/div>\n\t\t","protected":false},"excerpt":{"rendered":"<p>Chez AgXeed, nous transformons l&rsquo;agriculture gr\u00e2ce \u00e0 l&rsquo;autonomie. Des solutions high-tech qui s&rsquo;int\u00e8grent parfaitement dans l&rsquo;\u00e9cosyst\u00e8me agricole moderne.<br \/>\nNous recherchons un professionnel de la vente d\u00e9vou\u00e9 qui aime vendre des innovations, g\u00e9n\u00e9rer des prospects et am\u00e9liorer les performances des distributeurs sur le march\u00e9 allemand.<br \/>\nAgXeed a d\u00e9marr\u00e9 en 2018 et compte aujourd&rsquo;hui une \u00e9quipe de 70 employ\u00e9s tr\u00e8s motiv\u00e9s. Chez AgXeed, vous travaillez <em>AVEC<\/em> une entreprise et non <em>POUR<\/em> une entreprise !<br \/>\n<strong><strong>Vos missions<\/strong><\/strong><\/p>\n<p>G\u00e9n\u00e9rez activement de nouveaux prospects et convertissez-les en clients<br \/>\nVente directe aux clients finaux potentiels<br \/>\nAccompagnement et d\u00e9veloppement du r\u00e9seau de distributeurs<br \/>\nInspirez et motivez les distributeurs et clients pour les produits autonomes d&rsquo;AgXeed.<br \/>\nIdentifiez les opportunit\u00e9s de vente dans le secteur agricole et transformez-les en r\u00e9sultats<br \/>\nCollaborez avec le marketing pour d\u00e9velopper des campagnes et du contenu qui favorisent l&rsquo;adoption et la vente de machines<\/p>\n<p><strong><strong>Votre profil<\/strong><\/strong><\/p>\n<p>Conviction, motivation et passion pour faire progresser l&rsquo;agriculture<br \/>\nEsprit commercial avec un fort accent sur la croissance du chiffre d&rsquo;affaires<br \/>\nPlusieurs ann\u00e9es d&rsquo;exp\u00e9rience dans le secteur agricole<br \/>\nExcellentes capacit\u00e9s de communication et de d\u00e9veloppement des relations d&rsquo;affaires<br \/>\nMa\u00eetrise de l&rsquo;allemand et de l&rsquo;anglais<br \/>\nInitiative personnelle \u2014 vous \u00eates motiv\u00e9(e) pour avoir un impact r\u00e9el<br \/>\nFlexible : vous \u00eates pr\u00e9sent(e) l\u00e0 o\u00f9 l&rsquo;on a besoin de vous<br \/>\nVous \u00eates naturellement optimiste, particuli\u00e8rement face aux revers. Un \u00ab non \u00bb ne vous d\u00e9stabilise pas &#8211; vous vous concentrez imm\u00e9diatement sur de nouveaux prospects<br \/>\nVous avez un sens aigu de l&rsquo;investissement judicieux de votre temps &#8211; vous privil\u00e9giez toujours les activit\u00e9s qui cr\u00e9ent une r\u00e9elle valeur ajout\u00e9e pour AgXeed<\/p>\n<p><strong><strong><strong>Que proposons-nous ?<\/strong><\/strong><\/strong><\/p>\n<p>Un environnement de travail pragmatique, dynamique et convivial, o\u00f9 se rencontrent technologie, durabilit\u00e9 et esprit pionnier<br \/>\nL&rsquo;opportunit\u00e9 de soutenir et de contribuer au d\u00e9veloppement de technologies agricoles r\u00e9volutionnaires par l&rsquo;\u00e9quipe.<br \/>\nDe l&rsquo;espace pour vos id\u00e9es, nous avons besoin de vous !<br \/>\nOpportunit\u00e9s de formation continue<br \/>\nBonne indemnit\u00e9 de d\u00e9placement, ordinateur portable et t\u00e9l\u00e9phone portable<br \/>\nR\u00e9mun\u00e9ration attractive<br \/>\nPossibilit\u00e9 d&rsquo;un emploi permanent<br \/>\nR\u00e9mun\u00e9ration selon convention collective<\/p>\n<p><strong><strong><strong><strong>Int\u00e9ress\u00e9 ?<\/strong><\/strong><\/strong><\/strong><br \/>\nVotre m\u00e9tier fait-il partie de votre passion ? Croyez-vous que l&rsquo;autonomie peut r\u00e9volutionner ? \u00cates-vous convaincu que vous pouvez contribuer et enrichir notre \u00e9quipe ?<br \/>\nAlors convainquez-nous et faites-nous savoir ce que vous pouvez apporter \u00e0 notre mission !<br \/>\nEnvoyez votre candidature \u00e0 l&rsquo;adresse suivante : <a href=\"mailto:career@agxeed.com\">career@agxeed.com<\/a> ou directement au responsable des ressources humaines Arjan Mulder<\/p>\n<p><em><em>Le d\u00e9marchage en r\u00e9ponse \u00e0 cette offre d&#8217;emploi n&rsquo;est pas appr\u00e9ci\u00e9.<\/em><\/em><\/p>\n","protected":false},"author":2,"featured_media":0,"parent":0,"menu_order":0,"comment_status":"closed","ping_status":"closed","template":"","meta":{"_acf_changed":false,"content-type":"","site-sidebar-layout":"no-sidebar","site-content-layout":"","ast-site-content-layout":"full-width-container","site-content-style":"default","site-sidebar-style":"default","ast-global-header-display":"","ast-banner-title-visibility":"","ast-main-header-display":"","ast-hfb-above-header-display":"","ast-hfb-below-header-display":"","ast-hfb-mobile-header-display":"","site-post-title":"","ast-breadcrumbs-content":"","ast-featured-img":"disabled","footer-sml-layout":"","ast-disable-related-posts":"","theme-transparent-header-meta":"","adv-header-id-meta":"","stick-header-meta":"","header-above-stick-meta":"","header-main-stick-meta":"","header-below-stick-meta":"","astra-migrate-meta-layouts":"default","ast-page-background-enabled":"default","ast-page-background-meta":{"desktop":{"background-color":"var(--ast-global-color-4)","background-image":"","background-repeat":"repeat","background-position":"center center","background-size":"auto","background-attachment":"scroll","background-type":"","background-media":"","overlay-type":"","overlay-color":"","overlay-opacity":"","overlay-gradient":""},"tablet":{"background-color":"","background-image":"","background-repeat":"repeat","background-position":"center center","background-size":"auto","background-attachment":"scroll","background-type":"","background-media":"","overlay-type":"","overlay-color":"","overlay-opacity":"","overlay-gradient":""},"mobile":{"background-color":"","background-image":"","background-repeat":"repeat","background-position":"center center","background-size":"auto","background-attachment":"scroll","background-type":"","background-media":"","overlay-type":"","overlay-color":"","overlay-opacity":"","overlay-gradient":""}},"ast-content-background-meta":{"desktop":{"background-color":"var(--ast-global-color-5)","background-image":"","background-repeat":"repeat","background-position":"center center","background-size":"auto","background-attachment":"scroll","background-type":"","background-media":"","overlay-type":"","overlay-color":"","overlay-opacity":"","overlay-gradient":""},"tablet":{"background-color":"var(--ast-global-color-5)","background-image":"","background-repeat":"repeat","background-position":"center center","background-size":"auto","background-attachment":"scroll","background-type":"","background-media":"","overlay-type":"","overlay-color":"","overlay-opacity":"","overlay-gradient":""},"mobile":{"background-color":"var(--ast-global-color-5)","background-image":"","background-repeat":"repeat","background-position":"center center","background-size":"auto","background-attachment":"scroll","background-type":"","background-media":"","overlay-type":"","overlay-color":"","overlay-opacity":"","overlay-gradient":""}},"footnotes":""},"class_list":["post-5164","page","type-page","status-publish","hentry"],"acf":[],"publishpress_future_workflow_manual_trigger":{"enabledWorkflows":[]},"_links":{"self":[{"href":"https:\/\/www.agxeed.com\/fr\/wp-json\/wp\/v2\/pages\/5164","targetHints":{"allow":["GET"]}}],"collection":[{"href":"https:\/\/www.agxeed.com\/fr\/wp-json\/wp\/v2\/pages"}],"about":[{"href":"https:\/\/www.agxeed.com\/fr\/wp-json\/wp\/v2\/types\/page"}],"author":[{"embeddable":true,"href":"https:\/\/www.agxeed.com\/fr\/wp-json\/wp\/v2\/users\/2"}],"replies":[{"embeddable":true,"href":"https:\/\/www.agxeed.com\/fr\/wp-json\/wp\/v2\/comments?post=5164"}],"version-history":[{"count":2,"href":"https:\/\/www.agxeed.com\/fr\/wp-json\/wp\/v2\/pages\/5164\/revisions"}],"predecessor-version":[{"id":7709,"href":"https:\/\/www.agxeed.com\/fr\/wp-json\/wp\/v2\/pages\/5164\/revisions\/7709"}],"wp:attachment":[{"href":"https:\/\/www.agxeed.com\/fr\/wp-json\/wp\/v2\/media?parent=5164"}],"curies":[{"name":"wp","href":"https:\/\/api.w.org\/{rel}","templated":true}]}}